{"id":3855,"date":"2026-04-08T18:38:28","date_gmt":"2026-04-08T18:38:28","guid":{"rendered":"https:\/\/mondaisa.com\/?post_type=product&#038;p=3855"},"modified":"2026-04-09T13:11:34","modified_gmt":"2026-04-09T13:11:34","slug":"beauty-in-out-2","status":"publish","type":"product","link":"https:\/\/mondaisa.com\/en\/product\/beauty-in-out-2\/","title":{"rendered":"Beauty In &#038; Out"},"content":{"rendered":"<div class=\"marnys-description\">\n<h3>Description<\/h3>\n<p><strong>Beauty In &amp; Out Elixir<\/strong> es un complemento de nutricosm\u00e9tica en formato viales para beber, con alta concentraci\u00f3n de Col\u00e1geno Hidrolizado, \u00c1cido Hialur\u00f3nico, semillas de Uva, Vitaminas y Minerales.<\/p>\n<p>Sus ingredientes act\u00faan para <strong>aminorar los signos del envejecimiento <\/strong>atenuando l\u00edneas de expresi\u00f3n, proporcionando hidrataci\u00f3n y firmeza <strong>en la piel <\/strong>de cara, cuello y escote, y brillo <strong>en el cabello y las u\u00f1as<\/strong>.<\/p>\n<h3>Directions for use:<\/h3>\n<p>1 vial, 1 vez al d\u00eda, preferentemente por la ma\u00f1ana.<\/p>\n<p><strong>14 viales<\/strong><\/p>\n<\/div>","protected":false},"excerpt":{"rendered":"<p>Descripci\u00f3n Beauty In &amp; Out Elixir es un complemento de nutricosm\u00e9tica en formato viales para beber, con alta concentraci\u00f3n de Col\u00e1geno Hidrolizado, \u00c1cido Hialur\u00f3nico, semillas de Uva, Vitaminas y Minerales. Sus ingredientes act\u00faan para aminorar los signos del envejecimiento atenuando l\u00edneas de expresi\u00f3n, proporcionando hidrataci\u00f3n y firmeza en la piel de cara, cuello y escote, [&hellip;]<\/p>\n","protected":false},"featured_media":3856,"comment_status":"open","ping_status":"closed","template":"","meta":[],"product_brand":[],"product_cat":[30],"product_tag":[],"class_list":{"0":"post-3855","1":"product","2":"type-product","3":"status-publish","4":"has-post-thumbnail","6":"product_cat-belleza","8":"first","9":"instock","10":"taxable","11":"shipping-taxable","12":"purchasable","13":"product-type-simple"},"jetpack_sharing_enabled":true,"_links":{"self":[{"href":"https:\/\/mondaisa.com\/en\/wp-json\/wp\/v2\/product\/3855","targetHints":{"allow":["GET"]}}],"collection":[{"href":"https:\/\/mondaisa.com\/en\/wp-json\/wp\/v2\/product"}],"about":[{"href":"https:\/\/mondaisa.com\/en\/wp-json\/wp\/v2\/types\/product"}],"replies":[{"embeddable":true,"href":"https:\/\/mondaisa.com\/en\/wp-json\/wp\/v2\/comments?post=3855"}],"wp:featuredmedia":[{"embeddable":true,"href":"https:\/\/mondaisa.com\/en\/wp-json\/wp\/v2\/media\/3856"}],"wp:attachment":[{"href":"https:\/\/mondaisa.com\/en\/wp-json\/wp\/v2\/media?parent=3855"}],"wp:term":[{"taxonomy":"product_brand","embeddable":true,"href":"https:\/\/mondaisa.com\/en\/wp-json\/wp\/v2\/product_brand?post=3855"},{"taxonomy":"product_cat","embeddable":true,"href":"https:\/\/mondaisa.com\/en\/wp-json\/wp\/v2\/product_cat?post=3855"},{"taxonomy":"product_tag","embeddable":true,"href":"https:\/\/mondaisa.com\/en\/wp-json\/wp\/v2\/product_tag?post=3855"}],"curies":[{"name":"wp","href":"https:\/\/api.w.org\/{rel}","templated":true}]}}