{"id":3804,"date":"2026-02-10T21:07:42","date_gmt":"2026-02-10T21:07:42","guid":{"rendered":"https:\/\/mondaisa.com\/?post_type=product&#038;p=3804"},"modified":"2026-04-07T17:46:09","modified_gmt":"2026-04-07T17:46:09","slug":"te-menopausite","status":"publish","type":"product","link":"https:\/\/mondaisa.com\/en\/product\/te-menopausite\/","title":{"rendered":"T\u00e9 Menopausit\u00e9\u00ae &#8211; 25 bolsitas"},"content":{"rendered":"<h3 class=\"preparacion-title\">Preparation<\/h3>\n<div class=\"pasos-container\">\n<div class=\"paso-preparaci\u00f3n\">\n<p class=\"translation-block\">Add 1-2 tea bags<\/p>\n<\/div>\n<div class=\"paso-preparaci\u00f3n\">\n<p><img decoding=\"async\" class=\"preparation-image\" src=\"\/wp-content\/uploads\/2024\/05\/Productos-Preparacion_Taza-2.png\" \/>Add 150 mL of boiling water<\/p>\n<\/div>\n<div class=\"paso-preparaci\u00f3n\">\n<p><img decoding=\"async\" class=\"preparation-image\" src=\"\/wp-content\/uploads\/2024\/05\/Productos-Preparacion_Taza-3.png\" \/>Reposar 2 &#8211; 5 minutos<\/p>\n<\/div>\n<div class=\"paso-preparaci\u00f3n\">\n<p><img decoding=\"async\" class=\"preparation-image\" src=\"\/wp-content\/uploads\/2024\/05\/Productos-Preparacion_Taza-4.png\" \/>\u00a1Enjoy!<\/p>\n<\/div>\n<\/div>\n<div class=\"container-ingredientes\">\n<div class=\"ingredientes\">\n<div class=\"ingredientes\">\n<h3 class=\"preparacion-title\">Ingredients<\/h3>\n<ul>\n<li>Salvia (Salvia Offcinalis)<\/li>\n<li>Cimic\u00edfuga (Actea racemosa)<\/li>\n<li>L\u00fapulo (Humulus Lupulus)<\/li>\n<li>Aroma a frutas mixtas<\/li>\n<\/ul>\n<\/div>\n<div class=\"ingredientes-dos\">\n<p><strong>Indications:<\/strong><\/p>\n<p>To be used as an auxiliary for its calming effect on nervous disorders.<\/p>\n<p><strong>Contraindications and warnings:<\/strong><\/p>\n<p>\u2013 No recomendado en embarazo o lactancia.<\/p>\n<p>\u2013 Evitar en personas con antecedentes de c\u00e1ncer hormonodependiente.<\/p>\n<p>\u2013 No usar en menores de 18 a\u00f1os.<\/p>\n<p>\u2013 No utilizar por m\u00e1s de 2 semanas continuas.<\/p>\n<p>\u2013 Hipersensibilidad al principio activo.<\/p>\n<p>\u2013 Este producto es para mujeres en edad de climaterio o menopausia.<\/p>\n<p>\u2013 Consulte con un profesional de la salud si se est\u00e1 en tratamiento con alg\u00fan medicamento.<\/p>\n<p><strong>Daily consumption:<\/strong><\/p>\n<p>Tomar 1 a 3 tazas al d\u00eda.<\/p>\n<p><strong>Este producto no debe usarse para el diagn\u00f3stico, tratamiento, cura o prevenci\u00f3n de alguna enfermedad y no suple una Alimentaci\u00f3n equilibrada.<\/strong><\/p>\n<p><strong>No utilizar en mujeres embarazadas, en per\u00edodo de lactancia o en ni\u00f1os, util\u00edcese bajo supervisi\u00f3n m\u00e9dica.<\/strong><\/p>\n<p><strong>Mantengase fuera del alcance de los ni\u00f1os.<\/strong><\/p>\n<\/div>\n<\/div>\n<\/div>","protected":false},"excerpt":{"rendered":"<p>Preparaci\u00f3n A\u00f1adir 1 bolsita de t\u00e9 Agregar 150 mL de agua hirviendo Reposar 2 &#8211; 5 minutos \u00a1Disfrutar! Ingredientes Salvia (Salvia Offcinalis) Cimic\u00edfuga (Actea racemosa) L\u00fapulo (Humulus Lupulus) Aroma a frutas mixtas Indicaciones: Usarse como auxiliar por su efecto calmante de transtornos nerviosos. Contraindicaciones y advertencias: \u2013 No recomendado en embarazo o lactancia. \u2013 Evitar [&hellip;]<\/p>\n","protected":false},"featured_media":3808,"comment_status":"open","ping_status":"closed","template":"","meta":[],"product_brand":[],"product_cat":[17],"product_tag":[39],"class_list":{"0":"post-3804","1":"product","2":"type-product","3":"status-publish","4":"has-post-thumbnail","6":"product_cat-virtudes","7":"product_tag-menopausia","9":"first","10":"instock","11":"taxable","12":"shipping-taxable","13":"purchasable","14":"product-type-simple"},"jetpack_sharing_enabled":true,"_links":{"self":[{"href":"https:\/\/mondaisa.com\/en\/wp-json\/wp\/v2\/product\/3804","targetHints":{"allow":["GET"]}}],"collection":[{"href":"https:\/\/mondaisa.com\/en\/wp-json\/wp\/v2\/product"}],"about":[{"href":"https:\/\/mondaisa.com\/en\/wp-json\/wp\/v2\/types\/product"}],"replies":[{"embeddable":true,"href":"https:\/\/mondaisa.com\/en\/wp-json\/wp\/v2\/comments?post=3804"}],"wp:featuredmedia":[{"embeddable":true,"href":"https:\/\/mondaisa.com\/en\/wp-json\/wp\/v2\/media\/3808"}],"wp:attachment":[{"href":"https:\/\/mondaisa.com\/en\/wp-json\/wp\/v2\/media?parent=3804"}],"wp:term":[{"taxonomy":"product_brand","embeddable":true,"href":"https:\/\/mondaisa.com\/en\/wp-json\/wp\/v2\/product_brand?post=3804"},{"taxonomy":"product_cat","embeddable":true,"href":"https:\/\/mondaisa.com\/en\/wp-json\/wp\/v2\/product_cat?post=3804"},{"taxonomy":"product_tag","embeddable":true,"href":"https:\/\/mondaisa.com\/en\/wp-json\/wp\/v2\/product_tag?post=3804"}],"curies":[{"name":"wp","href":"https:\/\/api.w.org\/{rel}","templated":true}]}}