{"id":3781,"date":"2025-12-26T21:03:35","date_gmt":"2025-12-26T21:03:35","guid":{"rendered":"https:\/\/mondaisa.com\/?post_type=product&#038;p=3781"},"modified":"2026-04-06T21:39:42","modified_gmt":"2026-04-06T21:39:42","slug":"aceite-de-rosa-mosqueta","status":"publish","type":"product","link":"https:\/\/mondaisa.com\/en\/product\/aceite-de-rosa-mosqueta\/","title":{"rendered":"Aceite De Rosa Mosqueta"},"content":{"rendered":"<div class=\"marnys-description\">\n<h3>Description<\/h3>\n<p><strong>MARNYS\u00ae <\/strong><strong>Rosvitmar<\/strong> es un suplemento ideal para aquellas personas que quieran cuidar su piel, especialmente aquellas con exposici\u00f3n continua a agentes agresores ambientales, y aquellas que quieran protecci\u00f3n antioxidante aminorando los efectos del foto-envejecimiento.<\/p>\n<h3>Directions for use:<\/h3>\n<p>Tomar 1 c\u00e1psula al d\u00eda, preferentemente antes de la comida principal.<\/p>\n<p><strong>60 capsules<\/strong><\/p>\n<\/div>","protected":false},"excerpt":{"rendered":"<p>Descripci\u00f3n MARNYS\u00ae Rosvitmar es un suplemento ideal para aquellas personas que quieran cuidar su piel, especialmente aquellas con exposici\u00f3n continua a agentes agresores ambientales, y aquellas que quieran protecci\u00f3n antioxidante aminorando los efectos del foto-envejecimiento. Modo de empleo Tomar 1 c\u00e1psula al d\u00eda, preferentemente antes de la comida principal. 60 c\u00e1psulas<\/p>","protected":false},"featured_media":3785,"comment_status":"open","ping_status":"closed","template":"","meta":[],"product_brand":[],"product_cat":[30],"product_tag":[],"class_list":{"0":"post-3781","1":"product","2":"type-product","3":"status-publish","4":"has-post-thumbnail","6":"product_cat-belleza","8":"first","9":"instock","10":"taxable","11":"shipping-taxable","12":"purchasable","13":"product-type-simple"},"jetpack_sharing_enabled":true,"_links":{"self":[{"href":"https:\/\/mondaisa.com\/en\/wp-json\/wp\/v2\/product\/3781","targetHints":{"allow":["GET"]}}],"collection":[{"href":"https:\/\/mondaisa.com\/en\/wp-json\/wp\/v2\/product"}],"about":[{"href":"https:\/\/mondaisa.com\/en\/wp-json\/wp\/v2\/types\/product"}],"replies":[{"embeddable":true,"href":"https:\/\/mondaisa.com\/en\/wp-json\/wp\/v2\/comments?post=3781"}],"wp:featuredmedia":[{"embeddable":true,"href":"https:\/\/mondaisa.com\/en\/wp-json\/wp\/v2\/media\/3785"}],"wp:attachment":[{"href":"https:\/\/mondaisa.com\/en\/wp-json\/wp\/v2\/media?parent=3781"}],"wp:term":[{"taxonomy":"product_brand","embeddable":true,"href":"https:\/\/mondaisa.com\/en\/wp-json\/wp\/v2\/product_brand?post=3781"},{"taxonomy":"product_cat","embeddable":true,"href":"https:\/\/mondaisa.com\/en\/wp-json\/wp\/v2\/product_cat?post=3781"},{"taxonomy":"product_tag","embeddable":true,"href":"https:\/\/mondaisa.com\/en\/wp-json\/wp\/v2\/product_tag?post=3781"}],"curies":[{"name":"wp","href":"https:\/\/api.w.org\/{rel}","templated":true}]}}