{"id":3767,"date":"2025-12-22T22:59:00","date_gmt":"2025-12-22T22:59:00","guid":{"rendered":"https:\/\/mondaisa.com\/?post_type=product&#038;p=3767"},"modified":"2026-04-06T21:41:16","modified_gmt":"2026-04-06T21:41:16","slug":"vit-c-1000","status":"publish","type":"product","link":"https:\/\/mondaisa.com\/en\/product\/vit-c-1000\/","title":{"rendered":"VIT-C 1000 Vitamina C Liposomada"},"content":{"rendered":"<h3><span style=\"color: #696565;\">Description<\/span><\/h3>\n<p><span style=\"color: #696565;\"><strong>MARNYS\u00ae \u00a0<\/strong><strong>VIT-C 1000 Vitamina C Liposomada<\/strong><\/span><\/p>\n<p><span style=\"color: #696565;\">La vitamina C liposomada en formato vial bebible ofrece una mayor biodisponibilidad y presencia estable en el organismo, frente a la vitamina C est\u00e1ndar. La vitamina C contribuye a la normal funci\u00f3n inmune y a la protecci\u00f3n celular del da\u00f1o oxidativo.<\/span><\/p>\n<p>&nbsp;<\/p>\n<h3><span style=\"color: #696565;\">Directions for use:<\/span><\/h3>\n<p><span style=\"color: #696565;\">1 vial al d\u00eda antes del desayuno. Agitar bien antes de usar.<\/span><\/p>\n<p>&nbsp;<\/p>\n<h3><span style=\"color: #696565;\"><strong>Contenido por caja: 20 viales<\/strong><\/span><\/h3>","protected":false},"excerpt":{"rendered":"<p>Descripci\u00f3n MARNYS\u00ae \u00a0VIT-C 1000 Vitamina C Liposomada La vitamina C liposomada en formato vial bebible ofrece una mayor biodisponibilidad y presencia estable en el organismo, frente a la vitamina C est\u00e1ndar. La vitamina C contribuye a la normal funci\u00f3n inmune y a la protecci\u00f3n celular del da\u00f1o oxidativo. &nbsp; Modo de empleo 1 vial al [&hellip;]<\/p>\n","protected":false},"featured_media":3768,"comment_status":"closed","ping_status":"closed","template":"","meta":[],"product_brand":[],"product_cat":[31],"product_tag":[],"class_list":{"0":"post-3767","1":"product","2":"type-product","3":"status-publish","4":"has-post-thumbnail","6":"product_cat-defensa","8":"first","9":"instock","10":"featured","11":"taxable","12":"shipping-taxable","13":"purchasable","14":"product-type-simple"},"jetpack_sharing_enabled":true,"_links":{"self":[{"href":"https:\/\/mondaisa.com\/en\/wp-json\/wp\/v2\/product\/3767","targetHints":{"allow":["GET"]}}],"collection":[{"href":"https:\/\/mondaisa.com\/en\/wp-json\/wp\/v2\/product"}],"about":[{"href":"https:\/\/mondaisa.com\/en\/wp-json\/wp\/v2\/types\/product"}],"replies":[{"embeddable":true,"href":"https:\/\/mondaisa.com\/en\/wp-json\/wp\/v2\/comments?post=3767"}],"wp:featuredmedia":[{"embeddable":true,"href":"https:\/\/mondaisa.com\/en\/wp-json\/wp\/v2\/media\/3768"}],"wp:attachment":[{"href":"https:\/\/mondaisa.com\/en\/wp-json\/wp\/v2\/media?parent=3767"}],"wp:term":[{"taxonomy":"product_brand","embeddable":true,"href":"https:\/\/mondaisa.com\/en\/wp-json\/wp\/v2\/product_brand?post=3767"},{"taxonomy":"product_cat","embeddable":true,"href":"https:\/\/mondaisa.com\/en\/wp-json\/wp\/v2\/product_cat?post=3767"},{"taxonomy":"product_tag","embeddable":true,"href":"https:\/\/mondaisa.com\/en\/wp-json\/wp\/v2\/product_tag?post=3767"}],"curies":[{"name":"wp","href":"https:\/\/api.w.org\/{rel}","templated":true}]}}