{"id":3691,"date":"2025-09-05T13:45:20","date_gmt":"2025-09-05T13:45:20","guid":{"rendered":"https:\/\/mondaisa.com\/?post_type=product&#038;p=3691"},"modified":"2026-04-06T21:42:13","modified_gmt":"2026-04-06T21:42:13","slug":"te-cereza-20-bolsitas","status":"publish","type":"product","link":"https:\/\/mondaisa.com\/en\/product\/te-cereza-20-bolsitas\/","title":{"rendered":"T\u00e9 Cereza &#8211; 20 bolsitas"},"content":{"rendered":"<h3 class=\"preparacion-title\">Preparation<\/h3>\n<div class=\"pasos-container\">\n<div class=\"paso-preparaci\u00f3n\">\n<p class=\"translation-block\">Add 1-2 tea bags<\/p>\n<\/div>\n<div class=\"paso-preparaci\u00f3n\">\n<p><img decoding=\"async\" class=\"preparation-image\" src=\"\/wp-content\/uploads\/2024\/05\/Productos-Preparacion_Taza-2.png\" \/>Add 150 mL of boiling water<\/p>\n<\/div>\n<div class=\"paso-preparaci\u00f3n\">\n<p class=\"translation-block\">Rest 2- 3 <br> minutes<\/p>\n<\/div>\n<div class=\"paso-preparaci\u00f3n\">\n<p><img decoding=\"async\" class=\"preparation-image\" src=\"\/wp-content\/uploads\/2024\/05\/Productos-Preparacion_Taza-4.png\" \/>\u00a1Enjoy!<\/p>\n<\/div>\n<\/div>\n<div class=\"container-ingredientes\">\n<div class=\"ingredientes\">\n<h3 class=\"preparacion-title\">Ingredients<\/h3>\n<ul>\n<li>hibiscus flower<\/li>\n<li>Escaramujo<\/li>\n<li>Apple<\/li>\n<li>Aroma a cereza<\/li>\n<li>Hojas de estevia<\/li>\n<li>Frambuesa, fresa y cereza.<\/li>\n<\/ul>\n<\/div>\n<\/div>","protected":false},"excerpt":{"rendered":"<p>Preparaci\u00f3n A\u00f1adir 1 bolsita de t\u00e9 Agregar 150 mL de agua hirviendo Reposar 2-3 minutos \u00a1Disfrutar! Ingredientes Flor de hibisco Escaramujo Manzana Aroma a cereza Hojas de estevia Frambuesa, fresa y cereza.<\/p>","protected":false},"featured_media":3692,"comment_status":"closed","ping_status":"closed","template":"","meta":[],"product_brand":[],"product_cat":[22],"product_tag":[],"class_list":{"0":"post-3691","1":"product","2":"type-product","3":"status-publish","4":"has-post-thumbnail","6":"product_cat-frutales","8":"first","9":"instock","10":"taxable","11":"shipping-taxable","12":"purchasable","13":"product-type-simple"},"jetpack_sharing_enabled":true,"_links":{"self":[{"href":"https:\/\/mondaisa.com\/en\/wp-json\/wp\/v2\/product\/3691","targetHints":{"allow":["GET"]}}],"collection":[{"href":"https:\/\/mondaisa.com\/en\/wp-json\/wp\/v2\/product"}],"about":[{"href":"https:\/\/mondaisa.com\/en\/wp-json\/wp\/v2\/types\/product"}],"replies":[{"embeddable":true,"href":"https:\/\/mondaisa.com\/en\/wp-json\/wp\/v2\/comments?post=3691"}],"wp:featuredmedia":[{"embeddable":true,"href":"https:\/\/mondaisa.com\/en\/wp-json\/wp\/v2\/media\/3692"}],"wp:attachment":[{"href":"https:\/\/mondaisa.com\/en\/wp-json\/wp\/v2\/media?parent=3691"}],"wp:term":[{"taxonomy":"product_brand","embeddable":true,"href":"https:\/\/mondaisa.com\/en\/wp-json\/wp\/v2\/product_brand?post=3691"},{"taxonomy":"product_cat","embeddable":true,"href":"https:\/\/mondaisa.com\/en\/wp-json\/wp\/v2\/product_cat?post=3691"},{"taxonomy":"product_tag","embeddable":true,"href":"https:\/\/mondaisa.com\/en\/wp-json\/wp\/v2\/product_tag?post=3691"}],"curies":[{"name":"wp","href":"https:\/\/api.w.org\/{rel}","templated":true}]}}