{"id":3489,"date":"2024-11-04T22:51:25","date_gmt":"2024-11-04T22:51:25","guid":{"rendered":"https:\/\/mondaisa.com\/?post_type=product&#038;p=3489"},"modified":"2026-04-06T21:43:04","modified_gmt":"2026-04-06T21:43:04","slug":"te-juanilama-20-bolsitas","status":"publish","type":"product","link":"https:\/\/mondaisa.com\/en\/product\/te-juanilama-20-bolsitas\/","title":{"rendered":"T\u00e9 Juanilama &#8211; 20 bolsitas"},"content":{"rendered":"<h3 class=\"preparacion-title\">Preparation<\/h3>\n<div class=\"pasos-container\">\n<div class=\"paso-preparaci\u00f3n\">\n<p><img decoding=\"async\" class=\"preparation-image\" src=\"https:\/\/mondaisa.com\/wp-content\/uploads\/2024\/05\/Productos-Preparacion_Taza-1.png\" \/><\/p>\n<p>Add 1-2<br \/>\ntea bags<\/p>\n<\/div>\n<div class=\"paso-preparaci\u00f3n\">\n<p><img decoding=\"async\" class=\"preparation-image\" src=\"https:\/\/mondaisa.com\/wp-content\/uploads\/2024\/05\/Productos-Preparacion_Taza-2.png\" \/><\/p>\n<p>Add 150 mL of<br \/>\nboiling water<\/p>\n<\/div>\n<div class=\"paso-preparaci\u00f3n\">\n<p><img decoding=\"async\" class=\"preparation-image\" src=\"https:\/\/mondaisa.com\/wp-content\/uploads\/2024\/05\/Productos-Preparacion_Taza-3.png\" \/><\/p>\n<p>Let the tea bags stand for 6-7<br \/>\nminutes<\/p>\n<\/div>\n<div class=\"paso-preparaci\u00f3n\">\n<p><img decoding=\"async\" class=\"preparation-image\" src=\"https:\/\/mondaisa.com\/wp-content\/uploads\/2024\/05\/Productos-Preparacion_Taza-4.png\" \/><\/p>\n<p>\u00a1Enjoy!<\/p>\n<\/div>\n<\/div>\n<div class=\"container-ingredientes\">\n<div class=\"ingredientes\">\n<h3 class=\"preparacion-title\">Ingredients<\/h3>\n<ul>\n<li>Hojas de Juanilama<\/li>\n<\/ul>\n<\/div>\n<\/div>","protected":false},"excerpt":{"rendered":"<p>Preparaci\u00f3n A\u00f1adir 1-2 bolsitas de t\u00e9 Agregar 150 mL de agua hirviendo Reposar 6-7 minutos \u00a1Disfrutar! Ingredientes Hojas de Juanilama<\/p>","protected":false},"featured_media":3490,"comment_status":"open","ping_status":"closed","template":"","meta":[],"product_brand":[],"product_cat":[21],"product_tag":[],"class_list":{"0":"post-3489","1":"product","2":"type-product","3":"status-publish","4":"has-post-thumbnail","6":"product_cat-herbales","8":"first","9":"outofstock","10":"taxable","11":"shipping-taxable","12":"purchasable","13":"product-type-simple"},"jetpack_sharing_enabled":true,"_links":{"self":[{"href":"https:\/\/mondaisa.com\/en\/wp-json\/wp\/v2\/product\/3489","targetHints":{"allow":["GET"]}}],"collection":[{"href":"https:\/\/mondaisa.com\/en\/wp-json\/wp\/v2\/product"}],"about":[{"href":"https:\/\/mondaisa.com\/en\/wp-json\/wp\/v2\/types\/product"}],"replies":[{"embeddable":true,"href":"https:\/\/mondaisa.com\/en\/wp-json\/wp\/v2\/comments?post=3489"}],"wp:featuredmedia":[{"embeddable":true,"href":"https:\/\/mondaisa.com\/en\/wp-json\/wp\/v2\/media\/3490"}],"wp:attachment":[{"href":"https:\/\/mondaisa.com\/en\/wp-json\/wp\/v2\/media?parent=3489"}],"wp:term":[{"taxonomy":"product_brand","embeddable":true,"href":"https:\/\/mondaisa.com\/en\/wp-json\/wp\/v2\/product_brand?post=3489"},{"taxonomy":"product_cat","embeddable":true,"href":"https:\/\/mondaisa.com\/en\/wp-json\/wp\/v2\/product_cat?post=3489"},{"taxonomy":"product_tag","embeddable":true,"href":"https:\/\/mondaisa.com\/en\/wp-json\/wp\/v2\/product_tag?post=3489"}],"curies":[{"name":"wp","href":"https:\/\/api.w.org\/{rel}","templated":true}]}}