{"id":3339,"date":"2024-07-03T14:53:51","date_gmt":"2024-07-03T14:53:51","guid":{"rendered":"https:\/\/mondaisa.com\/?post_type=product&#038;p=3339"},"modified":"2026-04-06T21:38:39","modified_gmt":"2026-04-06T21:38:39","slug":"te-de-lavanda-manzanilla-y-menta-20-bolsitas","status":"publish","type":"product","link":"https:\/\/mondaisa.com\/en\/product\/te-de-lavanda-manzanilla-y-menta-20-bolsitas\/","title":{"rendered":"T\u00e9 de Lavanda, Manzanilla y Menta &#8211; 20 bolsitas"},"content":{"rendered":"<h3 class=\"preparacion-title\">Preparation<\/h3>\n<div class=\"pasos-container\">\n<div class=\"paso-preparaci\u00f3n\">\n<p><img decoding=\"async\" class=\"preparation-image\" src=\"\/wp-content\/uploads\/2024\/05\/Productos-Preparacion_Taza-1.png\" \/>Add 1-2 tea bags<\/p>\n<\/div>\n<div class=\"paso-preparaci\u00f3n\">\n<p><img decoding=\"async\" class=\"preparation-image\" src=\"\/wp-content\/uploads\/2024\/05\/Productos-Preparacion_Taza-2.png\" \/>Agregar 200 mL de agua hirviendo<\/p>\n<\/div>\n<div class=\"paso-preparaci\u00f3n\">\n<p><img decoding=\"async\" class=\"preparation-image\" src=\"\/wp-content\/uploads\/2024\/05\/Productos-Preparacion_Taza-3.png\" \/>Reposar 10 minutos<\/p>\n<\/div>\n<div class=\"paso-preparaci\u00f3n\">\n<p><img decoding=\"async\" class=\"preparation-image\" src=\"\/wp-content\/uploads\/2024\/05\/Productos-Preparacion_Taza-4.png\" \/>\u00a1Enjoy!<\/p>\n<\/div>\n<\/div>\n<div class=\"container-ingredientes\">\n<div class=\"ingredientes\">\n<h3 class=\"preparacion-title\">Ingredients<\/h3>\n<ul>\n<li>Lavanda, Manzanilla y Menta.<\/li>\n<\/ul>\n<\/div>\n<\/div>","protected":false},"excerpt":{"rendered":"<p>Preparaci\u00f3n A\u00f1adir 1-2 bolsitas de t\u00e9 Agregar 200 mL de agua hirviendo Reposar 10 minutos \u00a1Disfrutar! Ingredientes Lavanda, Manzanilla y Menta.<\/p>","protected":false},"featured_media":3340,"comment_status":"open","ping_status":"closed","template":"","meta":[],"product_brand":[],"product_cat":[36,20],"product_tag":[],"class_list":{"0":"post-3339","1":"product","2":"type-product","3":"status-publish","4":"has-post-thumbnail","6":"product_cat-only-cr","7":"product_cat-nuevos","9":"first","10":"instock","11":"featured","12":"taxable","13":"shipping-taxable","14":"purchasable","15":"product-type-simple"},"jetpack_sharing_enabled":true,"_links":{"self":[{"href":"https:\/\/mondaisa.com\/en\/wp-json\/wp\/v2\/product\/3339","targetHints":{"allow":["GET"]}}],"collection":[{"href":"https:\/\/mondaisa.com\/en\/wp-json\/wp\/v2\/product"}],"about":[{"href":"https:\/\/mondaisa.com\/en\/wp-json\/wp\/v2\/types\/product"}],"replies":[{"embeddable":true,"href":"https:\/\/mondaisa.com\/en\/wp-json\/wp\/v2\/comments?post=3339"}],"wp:featuredmedia":[{"embeddable":true,"href":"https:\/\/mondaisa.com\/en\/wp-json\/wp\/v2\/media\/3340"}],"wp:attachment":[{"href":"https:\/\/mondaisa.com\/en\/wp-json\/wp\/v2\/media?parent=3339"}],"wp:term":[{"taxonomy":"product_brand","embeddable":true,"href":"https:\/\/mondaisa.com\/en\/wp-json\/wp\/v2\/product_brand?post=3339"},{"taxonomy":"product_cat","embeddable":true,"href":"https:\/\/mondaisa.com\/en\/wp-json\/wp\/v2\/product_cat?post=3339"},{"taxonomy":"product_tag","embeddable":true,"href":"https:\/\/mondaisa.com\/en\/wp-json\/wp\/v2\/product_tag?post=3339"}],"curies":[{"name":"wp","href":"https:\/\/api.w.org\/{rel}","templated":true}]}}