{"id":2989,"date":"2024-05-13T04:58:38","date_gmt":"2024-05-13T04:58:38","guid":{"rendered":"https:\/\/mondaisa.com\/?post_type=product&#038;p=2989"},"modified":"2026-04-07T15:22:36","modified_gmt":"2026-04-07T15:22:36","slug":"te-dormy-20-bolsitas","status":"publish","type":"product","link":"https:\/\/mondaisa.com\/en\/product\/te-dormy-20-bolsitas\/","title":{"rendered":"Tea Dormy\u00ae \u2013 20 Bags"},"content":{"rendered":"<h3 class=\"preparacion-title\">Preparation<\/h3>\n<div class=\"pasos-container\">\n<div class=\"paso-preparaci\u00f3n translation-block\">Add 1-2 tea bags<\/div>\n<div class=\"paso-preparaci\u00f3n\"><img decoding=\"async\" class=\"preparation-image\" src=\"\/wp-content\/uploads\/2024\/05\/Productos-Preparacion_Taza-2.png\" \/>Add 150 mL of boiling water<\/p>\n<\/div>\n<div class=\"paso-preparaci\u00f3n translation-block\">Rest 2- 3 <br> minutes<\/div>\n<div class=\"paso-preparaci\u00f3n\"><img decoding=\"async\" class=\"preparation-image\" src=\"\/wp-content\/uploads\/2024\/05\/Productos-Preparacion_Taza-4.png\" \/>\u00a1Enjoy!<\/p>\n<\/div>\n<\/div>\n<div class=\"container-ingredientes\">\n<div class=\"ingredientes\">\n<h3 class=\"preparacion-title\">Ingredients<\/h3>\n<ul>\n<li>Chamomile (matricaria chamomilla)<\/li>\n<li>Linden flowers (tilia platyphyllos)<\/li>\n<li>Peppermint piperita (mentha piperita)<\/li>\n<li>Hojas de hierba de gato (nepeta cataria).<\/li>\n<\/ul>\n<\/div>\n<div class=\"ingredientes-dos\">\n<p><strong>Indications:<\/strong><\/p>\n<p style=\"margin-bottom: 20px;\">To be used as an auxiliary for its calming effect on nervous disorders.<\/p>\n<p><strong>Contraindications and warnings:<\/strong><\/p>\n<p>\u2013 Do not take during pregnancy and lactation.<\/p>\n<p>\u2013 Do not use in children under 2 years of age.<\/p>\n<p>\u2013 If symptoms persist, consult a doctor.<\/p>\n<p>&#8211; El Ministerio de Salud no avala otros usos diferentes a los aprobados en esta.<\/p>\n<p>&#8211; Evitar uso de forma continua durante un periodo prolongado.<\/p>\n<p style=\"margin-bottom: 20px;\">- Keep out of reach of children.<\/p>\n<p><strong>Daily consumption:<\/strong><\/p>\n<p>Take 1 sachet per cup of water. 1 to 3 times a day.<\/p>\n<\/div>\n<\/div>","protected":false},"excerpt":{"rendered":"<p>Preparaci\u00f3n A\u00f1adir 1 bolsita de t\u00e9 Agregar 150 mL de agua hirviendo Reposar 2-3 minutos \u00a1Disfrutar! Ingredientes Flores, tallo y hojas de manzanilla (matricaria chamomilla) Flores de tilo\u00a0(tilia platyphyllos) Hojas de menta piperita (mentha piperita) Hojas de hierba de gato (nepeta cataria). Indicaciones: Usarse como auxiliar por su efecto calmante de transtornos nerviosos. Contraindicaciones y [&hellip;]<\/p>\n","protected":false},"featured_media":2990,"comment_status":"open","ping_status":"closed","template":"","meta":[],"product_brand":[],"product_cat":[37,17],"product_tag":[],"class_list":{"0":"post-2989","1":"product","2":"type-product","3":"status-publish","4":"has-post-thumbnail","6":"product_cat-not-cr","7":"product_cat-virtudes","9":"first","10":"instock","11":"taxable","12":"shipping-taxable","13":"purchasable","14":"product-type-simple"},"jetpack_sharing_enabled":true,"_links":{"self":[{"href":"https:\/\/mondaisa.com\/en\/wp-json\/wp\/v2\/product\/2989","targetHints":{"allow":["GET"]}}],"collection":[{"href":"https:\/\/mondaisa.com\/en\/wp-json\/wp\/v2\/product"}],"about":[{"href":"https:\/\/mondaisa.com\/en\/wp-json\/wp\/v2\/types\/product"}],"replies":[{"embeddable":true,"href":"https:\/\/mondaisa.com\/en\/wp-json\/wp\/v2\/comments?post=2989"}],"wp:featuredmedia":[{"embeddable":true,"href":"https:\/\/mondaisa.com\/en\/wp-json\/wp\/v2\/media\/2990"}],"wp:attachment":[{"href":"https:\/\/mondaisa.com\/en\/wp-json\/wp\/v2\/media?parent=2989"}],"wp:term":[{"taxonomy":"product_brand","embeddable":true,"href":"https:\/\/mondaisa.com\/en\/wp-json\/wp\/v2\/product_brand?post=2989"},{"taxonomy":"product_cat","embeddable":true,"href":"https:\/\/mondaisa.com\/en\/wp-json\/wp\/v2\/product_cat?post=2989"},{"taxonomy":"product_tag","embeddable":true,"href":"https:\/\/mondaisa.com\/en\/wp-json\/wp\/v2\/product_tag?post=2989"}],"curies":[{"name":"wp","href":"https:\/\/api.w.org\/{rel}","templated":true}]}}