{"id":2867,"date":"2024-05-06T21:09:38","date_gmt":"2024-05-06T21:09:38","guid":{"rendered":"https:\/\/mondaisa.com\/?post_type=product&#038;p=2867"},"modified":"2025-12-23T18:14:19","modified_gmt":"2025-12-23T18:14:19","slug":"memory-plus-2","status":"publish","type":"product","link":"https:\/\/mondaisa.com\/en\/product\/memory-plus-2\/","title":{"rendered":"Memory Plus \/ 30 c\u00e1psulas"},"content":{"rendered":"<div class=\"marnys-description\">\n<h3>Description<\/h3>\n<p><strong>MARNYS\u00ae Memory Plus capsules<\/strong> are ideal for young adults who want to <strong>enhance mental performance,<\/strong> especially during periods of intense intellectual effort (study or exams, work stress), and for adults who want to support the normal functioning of the nervous system and cognitive function (e.g., concentration).<\/p>\n<p><strong>30 capsules<\/strong><\/p>\n<\/div>","protected":false},"excerpt":{"rendered":"<p>Descripci\u00f3n MARNYS\u00ae Memory Plus c\u00e1psulas es ideal para adultos j\u00f3venes que quieran contribuir al rendimiento mental especialmente durante per\u00edodos de intenso esfuerzo intelectual (estudio o ex\u00e1menes, estr\u00e9s laboral), y personas adultas que quieran contribuir al normal funcionamiento del sistema nervioso y de la funci\u00f3n cognitiva (por ejemplo, la concentraci\u00f3n). 30 c\u00e1psulas<\/p>","protected":false},"featured_media":2869,"comment_status":"open","ping_status":"closed","template":"","meta":[],"product_brand":[],"product_cat":[33],"product_tag":[],"class_list":{"0":"post-2867","1":"product","2":"type-product","3":"status-publish","4":"has-post-thumbnail","6":"product_cat-memoria","8":"first","9":"instock","10":"taxable","11":"shipping-taxable","12":"purchasable","13":"product-type-simple"},"jetpack_sharing_enabled":true,"_links":{"self":[{"href":"https:\/\/mondaisa.com\/en\/wp-json\/wp\/v2\/product\/2867","targetHints":{"allow":["GET"]}}],"collection":[{"href":"https:\/\/mondaisa.com\/en\/wp-json\/wp\/v2\/product"}],"about":[{"href":"https:\/\/mondaisa.com\/en\/wp-json\/wp\/v2\/types\/product"}],"replies":[{"embeddable":true,"href":"https:\/\/mondaisa.com\/en\/wp-json\/wp\/v2\/comments?post=2867"}],"wp:featuredmedia":[{"embeddable":true,"href":"https:\/\/mondaisa.com\/en\/wp-json\/wp\/v2\/media\/2869"}],"wp:attachment":[{"href":"https:\/\/mondaisa.com\/en\/wp-json\/wp\/v2\/media?parent=2867"}],"wp:term":[{"taxonomy":"product_brand","embeddable":true,"href":"https:\/\/mondaisa.com\/en\/wp-json\/wp\/v2\/product_brand?post=2867"},{"taxonomy":"product_cat","embeddable":true,"href":"https:\/\/mondaisa.com\/en\/wp-json\/wp\/v2\/product_cat?post=2867"},{"taxonomy":"product_tag","embeddable":true,"href":"https:\/\/mondaisa.com\/en\/wp-json\/wp\/v2\/product_tag?post=2867"}],"curies":[{"name":"wp","href":"https:\/\/api.w.org\/{rel}","templated":true}]}}