{"id":2865,"date":"2024-05-06T21:09:10","date_gmt":"2024-05-06T21:09:10","guid":{"rendered":"https:\/\/mondaisa.com\/?post_type=product&#038;p=2865"},"modified":"2026-04-07T15:51:29","modified_gmt":"2026-04-07T15:51:29","slug":"memory-plus","status":"publish","type":"product","link":"https:\/\/mondaisa.com\/en\/product\/memory-plus\/","title":{"rendered":"Memory Plus"},"content":{"rendered":"<div class=\"marnys-description\">\n<h3>Description<\/h3>\n<p><strong>MARNYS\u00ae MEMORY PLUS VIALS<\/strong> are of particular interest to older adults who want to <strong>balance their brain and energy metabolism,<\/strong> as well as contribute to the <strong>normal functioning of the nervous system and cognitive function<\/strong> (e.g., memory).<\/p>\n<h3>Directions for use:<\/h3>\n<p>1 vial per day. Take on an empty stomach, diluted in a glass of juice for periods of 6 to 8 weeks. If necessary, the recommended intake can be repeated. Shake well before use.<\/p>\n<p><strong>20 vials<\/strong><\/p>\n<\/div>","protected":false},"excerpt":{"rendered":"<p>Descripci\u00f3n MARNYS\u00ae MEMORY PLUS VIALES es de especial inter\u00e9s para adultos mayores que quieran equilibrar su metabolismo cerebral y energ\u00e9tico, adem\u00e1s de contribuir al normal funcionamiento del sistema nervioso y de la funci\u00f3n cognitiva (por ejemplo: la memoria). Modo de empleo 1 vial al d\u00eda. Tomar en ayunas, diluido en un vaso de zumo durante [&hellip;]<\/p>\n","protected":false},"featured_media":2868,"comment_status":"open","ping_status":"closed","template":"","meta":[],"product_brand":[],"product_cat":[33],"product_tag":[],"class_list":{"0":"post-2865","1":"product","2":"type-product","3":"status-publish","4":"has-post-thumbnail","6":"product_cat-memoria","8":"first","9":"instock","10":"taxable","11":"shipping-taxable","12":"purchasable","13":"product-type-simple"},"jetpack_sharing_enabled":true,"_links":{"self":[{"href":"https:\/\/mondaisa.com\/en\/wp-json\/wp\/v2\/product\/2865","targetHints":{"allow":["GET"]}}],"collection":[{"href":"https:\/\/mondaisa.com\/en\/wp-json\/wp\/v2\/product"}],"about":[{"href":"https:\/\/mondaisa.com\/en\/wp-json\/wp\/v2\/types\/product"}],"replies":[{"embeddable":true,"href":"https:\/\/mondaisa.com\/en\/wp-json\/wp\/v2\/comments?post=2865"}],"wp:featuredmedia":[{"embeddable":true,"href":"https:\/\/mondaisa.com\/en\/wp-json\/wp\/v2\/media\/2868"}],"wp:attachment":[{"href":"https:\/\/mondaisa.com\/en\/wp-json\/wp\/v2\/media?parent=2865"}],"wp:term":[{"taxonomy":"product_brand","embeddable":true,"href":"https:\/\/mondaisa.com\/en\/wp-json\/wp\/v2\/product_brand?post=2865"},{"taxonomy":"product_cat","embeddable":true,"href":"https:\/\/mondaisa.com\/en\/wp-json\/wp\/v2\/product_cat?post=2865"},{"taxonomy":"product_tag","embeddable":true,"href":"https:\/\/mondaisa.com\/en\/wp-json\/wp\/v2\/product_tag?post=2865"}],"curies":[{"name":"wp","href":"https:\/\/api.w.org\/{rel}","templated":true}]}}