{"id":2864,"date":"2024-05-06T21:07:20","date_gmt":"2024-05-06T21:07:20","guid":{"rendered":"https:\/\/mondaisa.com\/?post_type=product&#038;p=2864"},"modified":"2025-12-23T18:16:22","modified_gmt":"2025-12-23T18:16:22","slug":"jalea-real-con-lecitina","status":"publish","type":"product","link":"https:\/\/mondaisa.com\/en\/product\/jalea-real-con-lecitina\/","title":{"rendered":"Jalea Real Con Lecitina"},"content":{"rendered":"<div class=\"marnys-description\">\n<h3>Description<\/h3>\n<p><strong>MARNYS\u00ae Royal Jelly 1000 mg with Lecithin<\/strong> is specially recommended for individuals who want an <strong>extra boost of energy<\/strong> for their physical and mental activities due to their daily or extraordinary activities.<\/p>\n<h3>Directions for use:<\/h3>\n<p>Take 1 capsule per day before breakfast.<\/p>\n<p><strong>1000 mg<\/strong><\/p>\n<\/div>","protected":false},"excerpt":{"rendered":"<p>Descripci\u00f3n MARNYS\u00ae Jalea Real 1000 mg con Lecitina est\u00e1 especialmente recomendado para personas que quieran un \u2018plus\u2019 de energ\u00eda para sus actividades f\u00edsicas y mentales debido a sus actividades diarias o extraordinarias. Modo de empleo Tomar 1 c\u00e1psula al d\u00eda antes del desayuno. 1000 mg<\/p>","protected":false},"featured_media":2860,"comment_status":"open","ping_status":"closed","template":"","meta":[],"product_brand":[],"product_cat":[32],"product_tag":[],"class_list":{"0":"post-2864","1":"product","2":"type-product","3":"status-publish","4":"has-post-thumbnail","6":"product_cat-energia","8":"first","9":"instock","10":"taxable","11":"shipping-taxable","12":"purchasable","13":"product-type-simple"},"jetpack_sharing_enabled":true,"_links":{"self":[{"href":"https:\/\/mondaisa.com\/en\/wp-json\/wp\/v2\/product\/2864","targetHints":{"allow":["GET"]}}],"collection":[{"href":"https:\/\/mondaisa.com\/en\/wp-json\/wp\/v2\/product"}],"about":[{"href":"https:\/\/mondaisa.com\/en\/wp-json\/wp\/v2\/types\/product"}],"replies":[{"embeddable":true,"href":"https:\/\/mondaisa.com\/en\/wp-json\/wp\/v2\/comments?post=2864"}],"wp:featuredmedia":[{"embeddable":true,"href":"https:\/\/mondaisa.com\/en\/wp-json\/wp\/v2\/media\/2860"}],"wp:attachment":[{"href":"https:\/\/mondaisa.com\/en\/wp-json\/wp\/v2\/media?parent=2864"}],"wp:term":[{"taxonomy":"product_brand","embeddable":true,"href":"https:\/\/mondaisa.com\/en\/wp-json\/wp\/v2\/product_brand?post=2864"},{"taxonomy":"product_cat","embeddable":true,"href":"https:\/\/mondaisa.com\/en\/wp-json\/wp\/v2\/product_cat?post=2864"},{"taxonomy":"product_tag","embeddable":true,"href":"https:\/\/mondaisa.com\/en\/wp-json\/wp\/v2\/product_tag?post=2864"}],"curies":[{"name":"wp","href":"https:\/\/api.w.org\/{rel}","templated":true}]}}