{"id":2863,"date":"2024-05-06T21:06:38","date_gmt":"2024-05-06T21:06:38","guid":{"rendered":"https:\/\/mondaisa.com\/?post_type=product&#038;p=2863"},"modified":"2025-12-23T18:17:14","modified_gmt":"2025-12-23T18:17:14","slug":"l-carnitina","status":"publish","type":"product","link":"https:\/\/mondaisa.com\/en\/product\/l-carnitina\/","title":{"rendered":"L-Carnitine"},"content":{"rendered":"<div class=\"marnys-description\">\n<h3>Description<\/h3>\n<p><strong>MARNYS\u00ae L-Carnitine 2000<\/strong> plays a fundamental role in fatty <strong>acid metabolism<\/strong> as well as in <strong>muscle contractility performance.<\/strong><\/p>\n<h3>Directions for use:<\/h3>\n<p>1 vial per day, preferably before breakfast. Shake well before use.<\/p>\n<p><strong>20 vials<\/strong><\/p>\n<\/div>","protected":false},"excerpt":{"rendered":"<p>Descripci\u00f3n MARNYS\u00ae L-Carnitina 2000 juega un papel fundamental en el metabolismo de los \u00e1cidos grasos, as\u00ed como en el desempe\u00f1o de la contractilidad muscular. Modo de empleo 1 vial al d\u00eda, preferentemente antes del desayuno. Agitar bien antes de usar. 20 viales<\/p>","protected":false},"featured_media":2859,"comment_status":"open","ping_status":"closed","template":"","meta":[],"product_brand":[],"product_cat":[32],"product_tag":[],"class_list":{"0":"post-2863","1":"product","2":"type-product","3":"status-publish","4":"has-post-thumbnail","6":"product_cat-energia","8":"first","9":"instock","10":"taxable","11":"shipping-taxable","12":"purchasable","13":"product-type-simple"},"jetpack_sharing_enabled":true,"_links":{"self":[{"href":"https:\/\/mondaisa.com\/en\/wp-json\/wp\/v2\/product\/2863","targetHints":{"allow":["GET"]}}],"collection":[{"href":"https:\/\/mondaisa.com\/en\/wp-json\/wp\/v2\/product"}],"about":[{"href":"https:\/\/mondaisa.com\/en\/wp-json\/wp\/v2\/types\/product"}],"replies":[{"embeddable":true,"href":"https:\/\/mondaisa.com\/en\/wp-json\/wp\/v2\/comments?post=2863"}],"wp:featuredmedia":[{"embeddable":true,"href":"https:\/\/mondaisa.com\/en\/wp-json\/wp\/v2\/media\/2859"}],"wp:attachment":[{"href":"https:\/\/mondaisa.com\/en\/wp-json\/wp\/v2\/media?parent=2863"}],"wp:term":[{"taxonomy":"product_brand","embeddable":true,"href":"https:\/\/mondaisa.com\/en\/wp-json\/wp\/v2\/product_brand?post=2863"},{"taxonomy":"product_cat","embeddable":true,"href":"https:\/\/mondaisa.com\/en\/wp-json\/wp\/v2\/product_cat?post=2863"},{"taxonomy":"product_tag","embeddable":true,"href":"https:\/\/mondaisa.com\/en\/wp-json\/wp\/v2\/product_tag?post=2863"}],"curies":[{"name":"wp","href":"https:\/\/api.w.org\/{rel}","templated":true}]}}