{"id":2856,"date":"2024-05-06T21:05:32","date_gmt":"2024-05-06T21:05:32","guid":{"rendered":"https:\/\/mondaisa.com\/?post_type=product&#038;p=2856"},"modified":"2026-04-07T15:59:24","modified_gmt":"2026-04-07T15:59:24","slug":"jalea-real-fresca","status":"publish","type":"product","link":"https:\/\/mondaisa.com\/en\/product\/jalea-real-fresca\/","title":{"rendered":"Jalea Real Pura"},"content":{"rendered":"<div class=\"marnys-description\">\n<h3>Description<\/h3>\n<p><strong>Pure Royal Jelly MARNYS\u00ae<\/strong> contributes to <strong>general well-being<\/strong> for individuals seeking an <strong>energy boost<\/strong> for their daily or extraordinary activities.<\/p>\n<h3>Directions for use:<\/h3>\n<p>1-3 g per day before breakfast. 3 level teaspoons provide 1 g. Do not exceed the recommended daily dose. Store in the refrigerator at max. 5\u00baC.<\/p>\n<p><strong>10g<\/strong><\/p>\n<\/div>","protected":false},"excerpt":{"rendered":"<p>Descripci\u00f3n La Jalea Real Pura MARNYS\u00ae contribuye al bienestar general para personas que buscan un aporte de energ\u00eda para sus actividades diarias o extraordinarias. Modo de empleo 1-3 g al d\u00eda antes del desayuno. 3 cucharillas rasas aportan 1 g. No superar la dosis diaria recomendada. Conservar en el frigor\u00edfico a m\u00e1x. 5\u00baC. 10g<\/p>","protected":false},"featured_media":2858,"comment_status":"open","ping_status":"closed","template":"","meta":[],"product_brand":[],"product_cat":[32],"product_tag":[],"class_list":{"0":"post-2856","1":"product","2":"type-product","3":"status-publish","4":"has-post-thumbnail","6":"product_cat-energia","8":"first","9":"instock","10":"taxable","11":"shipping-taxable","12":"purchasable","13":"product-type-simple"},"jetpack_sharing_enabled":true,"_links":{"self":[{"href":"https:\/\/mondaisa.com\/en\/wp-json\/wp\/v2\/product\/2856","targetHints":{"allow":["GET"]}}],"collection":[{"href":"https:\/\/mondaisa.com\/en\/wp-json\/wp\/v2\/product"}],"about":[{"href":"https:\/\/mondaisa.com\/en\/wp-json\/wp\/v2\/types\/product"}],"replies":[{"embeddable":true,"href":"https:\/\/mondaisa.com\/en\/wp-json\/wp\/v2\/comments?post=2856"}],"wp:featuredmedia":[{"embeddable":true,"href":"https:\/\/mondaisa.com\/en\/wp-json\/wp\/v2\/media\/2858"}],"wp:attachment":[{"href":"https:\/\/mondaisa.com\/en\/wp-json\/wp\/v2\/media?parent=2856"}],"wp:term":[{"taxonomy":"product_brand","embeddable":true,"href":"https:\/\/mondaisa.com\/en\/wp-json\/wp\/v2\/product_brand?post=2856"},{"taxonomy":"product_cat","embeddable":true,"href":"https:\/\/mondaisa.com\/en\/wp-json\/wp\/v2\/product_cat?post=2856"},{"taxonomy":"product_tag","embeddable":true,"href":"https:\/\/mondaisa.com\/en\/wp-json\/wp\/v2\/product_tag?post=2856"}],"curies":[{"name":"wp","href":"https:\/\/api.w.org\/{rel}","templated":true}]}}