{"id":2852,"date":"2024-05-06T21:02:35","date_gmt":"2024-05-06T21:02:35","guid":{"rendered":"https:\/\/mondaisa.com\/?post_type=product&#038;p=2852"},"modified":"2026-04-07T16:05:33","modified_gmt":"2026-04-07T16:05:33","slug":"propoleo-con-equinacea","status":"publish","type":"product","link":"https:\/\/mondaisa.com\/en\/product\/propoleo-con-equinacea\/","title":{"rendered":"Propolis with Echinacea"},"content":{"rendered":"<div class=\"marnys-description\">\n<h3>Description<\/h3>\n<p><strong>MARNYS\u00ae Propolis 1000 mg with Echinacea<\/strong> is an excellent dietary supplement for adults who want to support their <strong>defenses and respiratory health, especially during seasonal changes.<\/strong><\/p>\n<p>It contains 400 mg of purified propolis (equivalent to 1000 mg of raw propolis), 30 mg of concentrated echinacea juice, and wheat germ oil.<\/p>\n<h3>Directions for use:<\/h3>\n<p>Take 1 capsule daily in the morning.<\/p>\n<\/div>","protected":false},"excerpt":{"rendered":"<p>Descripci\u00f3n MARNYS\u00ae Prop\u00f3leo 1000 mg con Equin\u00e1cea es un excelente complemento alimenticio para personas adultas que quieran ajustar defensas y respiraci\u00f3n, especialmente durante los cambios estacionales. Contiene 400 mg de prop\u00f3leo purificado (equivalente a 1000 mg de prop\u00f3leo crudo), 30 mg de concentrado de jugo de equin\u00e1cea y aceite de germen de trigo. Modo de [&hellip;]<\/p>\n","protected":false},"featured_media":2843,"comment_status":"open","ping_status":"closed","template":"","meta":[],"product_brand":[],"product_cat":[31],"product_tag":[],"class_list":{"0":"post-2852","1":"product","2":"type-product","3":"status-publish","4":"has-post-thumbnail","6":"product_cat-defensa","8":"first","9":"instock","10":"taxable","11":"shipping-taxable","12":"purchasable","13":"product-type-simple"},"jetpack_sharing_enabled":true,"_links":{"self":[{"href":"https:\/\/mondaisa.com\/en\/wp-json\/wp\/v2\/product\/2852","targetHints":{"allow":["GET"]}}],"collection":[{"href":"https:\/\/mondaisa.com\/en\/wp-json\/wp\/v2\/product"}],"about":[{"href":"https:\/\/mondaisa.com\/en\/wp-json\/wp\/v2\/types\/product"}],"replies":[{"embeddable":true,"href":"https:\/\/mondaisa.com\/en\/wp-json\/wp\/v2\/comments?post=2852"}],"wp:featuredmedia":[{"embeddable":true,"href":"https:\/\/mondaisa.com\/en\/wp-json\/wp\/v2\/media\/2843"}],"wp:attachment":[{"href":"https:\/\/mondaisa.com\/en\/wp-json\/wp\/v2\/media?parent=2852"}],"wp:term":[{"taxonomy":"product_brand","embeddable":true,"href":"https:\/\/mondaisa.com\/en\/wp-json\/wp\/v2\/product_brand?post=2852"},{"taxonomy":"product_cat","embeddable":true,"href":"https:\/\/mondaisa.com\/en\/wp-json\/wp\/v2\/product_cat?post=2852"},{"taxonomy":"product_tag","embeddable":true,"href":"https:\/\/mondaisa.com\/en\/wp-json\/wp\/v2\/product_tag?post=2852"}],"curies":[{"name":"wp","href":"https:\/\/api.w.org\/{rel}","templated":true}]}}