{"id":2850,"date":"2024-05-06T21:01:54","date_gmt":"2024-05-06T21:01:54","guid":{"rendered":"https:\/\/mondaisa.com\/?post_type=product&#038;p=2850"},"modified":"2026-04-07T16:12:14","modified_gmt":"2026-04-07T16:12:14","slug":"propolsaft","status":"publish","type":"product","link":"https:\/\/mondaisa.com\/en\/product\/propolsaft\/","title":{"rendered":"Propolsaft"},"content":{"rendered":"<div class=\"marnys-description\">\n<h3>Description<\/h3>\n<p><strong>MARNYS\u00ae Propolsaft<\/strong> is an excellent supplement for adults who want to <strong>relieve throat, nose, and mouth discomfort, especially during temperature changes.<\/strong> It combines the properties of 2g of propolis, thyme, acerola, and menthol.<\/p>\n<ul>\n<li>Children from 5 to 12 years: 5 ml per day.<\/li>\n<li>Children older than 12 years and adults: 10 ml per day.<\/li>\n<li>Shake well before use.<\/li>\n<\/ul>\n<p>125 ml<\/p>\n<\/div>","protected":false},"excerpt":{"rendered":"<p>Descripci\u00f3n MARNYS\u00ae Propolsaft es un excelente complemento para personas adultas que quieran liberarse de las molestias de garganta, nariz y boca, especialmente durante los cambios de temperatura. Combina las propiedades de 2g de prop\u00f3leo, el tomillo, la acerola y el mentol. Ni\u00f1os de 5 a 12 a\u00f1os: 5 ml al d\u00eda. Ni\u00f1os mayores de 12 [&hellip;]<\/p>\n","protected":false},"featured_media":2842,"comment_status":"open","ping_status":"closed","template":"","meta":[],"product_brand":[],"product_cat":[31],"product_tag":[],"class_list":{"0":"post-2850","1":"product","2":"type-product","3":"status-publish","4":"has-post-thumbnail","6":"product_cat-defensa","8":"first","9":"instock","10":"taxable","11":"shipping-taxable","12":"purchasable","13":"product-type-simple"},"jetpack_sharing_enabled":true,"_links":{"self":[{"href":"https:\/\/mondaisa.com\/en\/wp-json\/wp\/v2\/product\/2850","targetHints":{"allow":["GET"]}}],"collection":[{"href":"https:\/\/mondaisa.com\/en\/wp-json\/wp\/v2\/product"}],"about":[{"href":"https:\/\/mondaisa.com\/en\/wp-json\/wp\/v2\/types\/product"}],"replies":[{"embeddable":true,"href":"https:\/\/mondaisa.com\/en\/wp-json\/wp\/v2\/comments?post=2850"}],"wp:featuredmedia":[{"embeddable":true,"href":"https:\/\/mondaisa.com\/en\/wp-json\/wp\/v2\/media\/2842"}],"wp:attachment":[{"href":"https:\/\/mondaisa.com\/en\/wp-json\/wp\/v2\/media?parent=2850"}],"wp:term":[{"taxonomy":"product_brand","embeddable":true,"href":"https:\/\/mondaisa.com\/en\/wp-json\/wp\/v2\/product_brand?post=2850"},{"taxonomy":"product_cat","embeddable":true,"href":"https:\/\/mondaisa.com\/en\/wp-json\/wp\/v2\/product_cat?post=2850"},{"taxonomy":"product_tag","embeddable":true,"href":"https:\/\/mondaisa.com\/en\/wp-json\/wp\/v2\/product_tag?post=2850"}],"curies":[{"name":"wp","href":"https:\/\/api.w.org\/{rel}","templated":true}]}}