{"id":2849,"date":"2024-05-06T21:01:09","date_gmt":"2024-05-06T21:01:09","guid":{"rendered":"https:\/\/mondaisa.com\/?post_type=product&#038;p=2849"},"modified":"2026-04-07T22:15:05","modified_gmt":"2026-04-07T22:15:05","slug":"propolvit-defense","status":"publish","type":"product","link":"https:\/\/mondaisa.com\/en\/product\/propolvit-defense\/","title":{"rendered":"Propolvit"},"content":{"rendered":"<div class=\"marnys-description\">\n<h3>Description<\/h3>\n<p><strong>MARNYS\u00ae Propolvit<\/strong> is an excellent dietary supplement for individuals who want to harmonize their <strong>defenses and energy,<\/strong> even in situations of <strong>high energy demands.<\/strong><\/p>\n<h3>Directions for use:<\/h3>\n<p>Take 1-2 vials per day before breakfast. Shake well before use.<\/p>\n<p><strong>20 vials<\/strong><\/p>\n<\/div>","protected":false},"excerpt":{"rendered":"<p>Descripci\u00f3n MARNYS\u00ae Propolvit es un excelente complemento alimenticio para personas que quieran tener armonizadas defensas y energ\u00eda, a\u00fan frente a situaciones de altas exigencias energ\u00e9ticas. Modo de empleo 1-2 viales al d\u00eda antes del desayuno. Agitar bien antes de usar. 20 viales<\/p>","protected":false},"featured_media":2841,"comment_status":"open","ping_status":"closed","template":"","meta":[],"product_brand":[],"product_cat":[31],"product_tag":[],"class_list":{"0":"post-2849","1":"product","2":"type-product","3":"status-publish","4":"has-post-thumbnail","6":"product_cat-defensa","8":"first","9":"instock","10":"taxable","11":"shipping-taxable","12":"purchasable","13":"product-type-simple"},"jetpack_sharing_enabled":true,"_links":{"self":[{"href":"https:\/\/mondaisa.com\/en\/wp-json\/wp\/v2\/product\/2849","targetHints":{"allow":["GET"]}}],"collection":[{"href":"https:\/\/mondaisa.com\/en\/wp-json\/wp\/v2\/product"}],"about":[{"href":"https:\/\/mondaisa.com\/en\/wp-json\/wp\/v2\/types\/product"}],"replies":[{"embeddable":true,"href":"https:\/\/mondaisa.com\/en\/wp-json\/wp\/v2\/comments?post=2849"}],"wp:featuredmedia":[{"embeddable":true,"href":"https:\/\/mondaisa.com\/en\/wp-json\/wp\/v2\/media\/2841"}],"wp:attachment":[{"href":"https:\/\/mondaisa.com\/en\/wp-json\/wp\/v2\/media?parent=2849"}],"wp:term":[{"taxonomy":"product_brand","embeddable":true,"href":"https:\/\/mondaisa.com\/en\/wp-json\/wp\/v2\/product_brand?post=2849"},{"taxonomy":"product_cat","embeddable":true,"href":"https:\/\/mondaisa.com\/en\/wp-json\/wp\/v2\/product_cat?post=2849"},{"taxonomy":"product_tag","embeddable":true,"href":"https:\/\/mondaisa.com\/en\/wp-json\/wp\/v2\/product_tag?post=2849"}],"curies":[{"name":"wp","href":"https:\/\/api.w.org\/{rel}","templated":true}]}}