{"id":2834,"date":"2024-05-06T20:58:25","date_gmt":"2024-05-06T20:58:25","guid":{"rendered":"https:\/\/mondaisa.com\/?post_type=product&#038;p=2834"},"modified":"2026-04-07T16:23:08","modified_gmt":"2026-04-07T16:23:08","slug":"propoltint","status":"publish","type":"product","link":"https:\/\/mondaisa.com\/en\/product\/propoltint\/","title":{"rendered":"Propoltint"},"content":{"rendered":"<div class=\"marnys-description\">\n<h3>Description<\/h3>\n<p><strong>Propoltint is a concentrated propolis tincture,<\/strong> conveniently dispensed with its dropper presentation.<\/p>\n<p>Propolis is a natural mixture produced by bees from plant buds and exudates, which they use to protect the hive from diseases and to seal walls and cells.<\/p>\n<p>Propolis contains twelve types of flavonoids, with Galangin, Pinocembrin, and Catechin being prominent, along with two phenolic acids, Cinnamic and Caffeic acid, and Resveratrol. The phenols in propolis have interesting properties that have been extensively researched, especially regarding their usefulness in the mouth and throat.<\/p>\n<p>Propoltint guarantees a minimum of 10% flavonoid content expressed as Galangin, with high purification as inactive substances like wax are eliminated through proprietary technology. It is of high quality, being completely soluble, ensuring dissolution in water and easy ingestion or rinsing.<\/p>\n<h3>Directions for use:<\/h3>\n<p><strong>For oral use:<\/strong> dilute 5-10 drops in half a glass of water or juice and take 3 times a day before meals. In higher concentrations, place the drops on bread, honey, etc.<\/p>\n<p><strong>For oral use:<\/strong> dilute 10-25 drops in a glass of water for gargling, rinsing, and washing.<\/p>\n<p><strong>Shake well before use.<\/strong><\/p>\n<\/div>","protected":false},"excerpt":{"rendered":"<p>Descripci\u00f3n Propoltint es una tintura de prop\u00f3leo concentrada. F\u00e1cil dispensaci\u00f3n por su presentaci\u00f3n en gotero. El Prop\u00f3leo es una mezcla natural producida por las abejas de brotes y exudados vegetales, la cual usan para proteger la colmena de enfermedades y para el sellado de paredes y celdillas. El Prop\u00f3leo contiene doce tipos de flavonoides destacando [&hellip;]<\/p>\n","protected":false},"featured_media":2838,"comment_status":"open","ping_status":"closed","template":"","meta":[],"product_brand":[],"product_cat":[31],"product_tag":[],"class_list":{"0":"post-2834","1":"product","2":"type-product","3":"status-publish","4":"has-post-thumbnail","6":"product_cat-defensa","8":"first","9":"instock","10":"taxable","11":"shipping-taxable","12":"purchasable","13":"product-type-simple"},"jetpack_sharing_enabled":true,"_links":{"self":[{"href":"https:\/\/mondaisa.com\/en\/wp-json\/wp\/v2\/product\/2834","targetHints":{"allow":["GET"]}}],"collection":[{"href":"https:\/\/mondaisa.com\/en\/wp-json\/wp\/v2\/product"}],"about":[{"href":"https:\/\/mondaisa.com\/en\/wp-json\/wp\/v2\/types\/product"}],"replies":[{"embeddable":true,"href":"https:\/\/mondaisa.com\/en\/wp-json\/wp\/v2\/comments?post=2834"}],"wp:featuredmedia":[{"embeddable":true,"href":"https:\/\/mondaisa.com\/en\/wp-json\/wp\/v2\/media\/2838"}],"wp:attachment":[{"href":"https:\/\/mondaisa.com\/en\/wp-json\/wp\/v2\/media?parent=2834"}],"wp:term":[{"taxonomy":"product_brand","embeddable":true,"href":"https:\/\/mondaisa.com\/en\/wp-json\/wp\/v2\/product_brand?post=2834"},{"taxonomy":"product_cat","embeddable":true,"href":"https:\/\/mondaisa.com\/en\/wp-json\/wp\/v2\/product_cat?post=2834"},{"taxonomy":"product_tag","embeddable":true,"href":"https:\/\/mondaisa.com\/en\/wp-json\/wp\/v2\/product_tag?post=2834"}],"curies":[{"name":"wp","href":"https:\/\/api.w.org\/{rel}","templated":true}]}}