{"id":2832,"date":"2024-05-06T20:55:00","date_gmt":"2024-05-06T20:55:00","guid":{"rendered":"https:\/\/mondaisa.com\/?post_type=product&#038;p=2832"},"modified":"2026-04-07T22:18:38","modified_gmt":"2026-04-07T22:18:38","slug":"artrohelp-marine","status":"publish","type":"product","link":"https:\/\/mondaisa.com\/en\/product\/artrohelp-marine\/","title":{"rendered":"Artrohelp Marine"},"content":{"rendered":"<div class=\"marnys-description\">\n<h3>Description<\/h3>\n<p><strong>Dietary supplement developed for daily well-being of bones, joints, and skin!<\/strong>.<\/p>\n<p>It is designed especially for active individuals who prioritize their musculoskeletal health, whether due to their sports habits or age.<\/p>\n<p>Artrohelp Marine promotes multifunctional well-being of bones, joints, muscles, and skin, thanks to the exclusive combination of <strong>Hydrolyzed Marine Collagen, Hyaluronic Acid, Glucosamine, Chondroitin, Calcium, Magnesium, and vitamins C, B, D3, and K2.<\/strong><\/p>\n<\/div>","protected":false},"excerpt":{"rendered":"<p>Descripci\u00f3n \u00a1Complemento alimenticio desarrollado para el Bienestar diario de huesos, articulaciones y piel!. Est\u00e1 pensado, especialmente, para personas activas en su d\u00eda a d\u00eda y que piensan en su salud osteomuscular, bien por sus h\u00e1bitos deportivos o bien por la edad. Artrohelp Marine favorece el bienestar multifuncional de huesos, articulaciones, m\u00fasculos y piel, gracias a [&hellip;]<\/p>\n","protected":false},"featured_media":2828,"comment_status":"open","ping_status":"closed","template":"","meta":[],"product_brand":[],"product_cat":[30],"product_tag":[],"class_list":{"0":"post-2832","1":"product","2":"type-product","3":"status-publish","4":"has-post-thumbnail","6":"product_cat-belleza","8":"first","9":"instock","10":"taxable","11":"shipping-taxable","12":"purchasable","13":"product-type-simple"},"jetpack_sharing_enabled":true,"_links":{"self":[{"href":"https:\/\/mondaisa.com\/en\/wp-json\/wp\/v2\/product\/2832","targetHints":{"allow":["GET"]}}],"collection":[{"href":"https:\/\/mondaisa.com\/en\/wp-json\/wp\/v2\/product"}],"about":[{"href":"https:\/\/mondaisa.com\/en\/wp-json\/wp\/v2\/types\/product"}],"replies":[{"embeddable":true,"href":"https:\/\/mondaisa.com\/en\/wp-json\/wp\/v2\/comments?post=2832"}],"wp:featuredmedia":[{"embeddable":true,"href":"https:\/\/mondaisa.com\/en\/wp-json\/wp\/v2\/media\/2828"}],"wp:attachment":[{"href":"https:\/\/mondaisa.com\/en\/wp-json\/wp\/v2\/media?parent=2832"}],"wp:term":[{"taxonomy":"product_brand","embeddable":true,"href":"https:\/\/mondaisa.com\/en\/wp-json\/wp\/v2\/product_brand?post=2832"},{"taxonomy":"product_cat","embeddable":true,"href":"https:\/\/mondaisa.com\/en\/wp-json\/wp\/v2\/product_cat?post=2832"},{"taxonomy":"product_tag","embeddable":true,"href":"https:\/\/mondaisa.com\/en\/wp-json\/wp\/v2\/product_tag?post=2832"}],"curies":[{"name":"wp","href":"https:\/\/api.w.org\/{rel}","templated":true}]}}