{"id":2831,"date":"2024-05-06T20:54:13","date_gmt":"2024-05-06T20:54:13","guid":{"rendered":"https:\/\/mondaisa.com\/?post_type=product&#038;p=2831"},"modified":"2025-12-23T18:22:17","modified_gmt":"2025-12-23T18:22:17","slug":"beauty-in-out","status":"publish","type":"product","link":"https:\/\/mondaisa.com\/en\/product\/beauty-in-out\/","title":{"rendered":"Beauty In &#038; Out"},"content":{"rendered":"<div class=\"marnys-description\">\n<h3>Description<\/h3>\n<p><strong>Beauty In &amp; Out c\u00e1psulas<\/strong> are a supplement that provides <strong>beauty and radiance to the skin, hair, and nails<\/strong> all year round, thanks to the synergistic properties of its ingredients: marine collagen, omegas, vitamins, and minerals.<\/p>\n<h3>Directions for use:<\/h3>\n<p>1 capsule per day.<\/p>\n<p><strong>30 capsules<\/strong><\/p>\n<\/div>","protected":false},"excerpt":{"rendered":"<p>Descripci\u00f3n Beauty In &amp; Out c\u00e1psulas complemento en c\u00e1psulas que aporta belleza y luminosidad a la piel, cabello y u\u00f1as todo el a\u00f1o, gracias a las propiedades sin\u00e9rgicas de sus ingredientes: col\u00e1geno marino, omegas, vitaminas y minerales. Modo de empleo 1 c\u00e1psula al d\u00eda 30 c\u00e1psulas<\/p>","protected":false},"featured_media":2827,"comment_status":"open","ping_status":"closed","template":"","meta":[],"product_brand":[],"product_cat":[30],"product_tag":[],"class_list":{"0":"post-2831","1":"product","2":"type-product","3":"status-publish","4":"has-post-thumbnail","6":"product_cat-belleza","8":"first","9":"instock","10":"taxable","11":"shipping-taxable","12":"purchasable","13":"product-type-simple"},"jetpack_sharing_enabled":true,"_links":{"self":[{"href":"https:\/\/mondaisa.com\/en\/wp-json\/wp\/v2\/product\/2831","targetHints":{"allow":["GET"]}}],"collection":[{"href":"https:\/\/mondaisa.com\/en\/wp-json\/wp\/v2\/product"}],"about":[{"href":"https:\/\/mondaisa.com\/en\/wp-json\/wp\/v2\/types\/product"}],"replies":[{"embeddable":true,"href":"https:\/\/mondaisa.com\/en\/wp-json\/wp\/v2\/comments?post=2831"}],"wp:featuredmedia":[{"embeddable":true,"href":"https:\/\/mondaisa.com\/en\/wp-json\/wp\/v2\/media\/2827"}],"wp:attachment":[{"href":"https:\/\/mondaisa.com\/en\/wp-json\/wp\/v2\/media?parent=2831"}],"wp:term":[{"taxonomy":"product_brand","embeddable":true,"href":"https:\/\/mondaisa.com\/en\/wp-json\/wp\/v2\/product_brand?post=2831"},{"taxonomy":"product_cat","embeddable":true,"href":"https:\/\/mondaisa.com\/en\/wp-json\/wp\/v2\/product_cat?post=2831"},{"taxonomy":"product_tag","embeddable":true,"href":"https:\/\/mondaisa.com\/en\/wp-json\/wp\/v2\/product_tag?post=2831"}],"curies":[{"name":"wp","href":"https:\/\/api.w.org\/{rel}","templated":true}]}}