{"id":2821,"date":"2024-05-06T20:51:29","date_gmt":"2024-05-06T20:51:29","guid":{"rendered":"https:\/\/mondaisa.com\/?post_type=product&#038;p=2821"},"modified":"2026-04-09T14:40:07","modified_gmt":"2026-04-09T14:40:07","slug":"aceite-de-onagra-500-capsulas","status":"publish","type":"product","link":"https:\/\/mondaisa.com\/en\/product\/aceite-de-onagra-500-capsulas\/","title":{"rendered":"Aceite De Onagra &#8211; 500 perlas"},"content":{"rendered":"<div class=\"marnys-description\">\n<h3>Description<\/h3>\n<p><strong>MARNYS\u00ae Mar-Vitoil<\/strong> is an excellent <strong>supplement<\/strong> for women <strong>seeking metabolic<\/strong>well-being and <strong>antioxidant protection.<\/strong><\/p>\n<h3>Directions for use:<\/h3>\n<p>Take 1-2 capsules per day preferably before meals.<\/p>\n<p><strong>500 pearls<\/strong><\/p>\n<\/div>","protected":false},"excerpt":{"rendered":"<p>Descripci\u00f3n MARNYS\u00ae Mar-Vitoil es un excelente suplemento para aquellas mujeres que quieran bienestar metab\u00f3lico, as\u00ed como obtener protecci\u00f3n antioxidante. Modo de empleo Tomar de 1-2 c\u00e1psulas al d\u00eda preferentemente antes de las comidas. 500 perlas<\/p>","protected":false},"featured_media":2824,"comment_status":"open","ping_status":"closed","template":"","meta":[],"product_brand":[],"product_cat":[30],"product_tag":[],"class_list":{"0":"post-2821","1":"product","2":"type-product","3":"status-publish","4":"has-post-thumbnail","6":"product_cat-belleza","8":"first","9":"instock","10":"taxable","11":"shipping-taxable","12":"purchasable","13":"product-type-simple"},"jetpack_sharing_enabled":true,"_links":{"self":[{"href":"https:\/\/mondaisa.com\/en\/wp-json\/wp\/v2\/product\/2821","targetHints":{"allow":["GET"]}}],"collection":[{"href":"https:\/\/mondaisa.com\/en\/wp-json\/wp\/v2\/product"}],"about":[{"href":"https:\/\/mondaisa.com\/en\/wp-json\/wp\/v2\/types\/product"}],"replies":[{"embeddable":true,"href":"https:\/\/mondaisa.com\/en\/wp-json\/wp\/v2\/comments?post=2821"}],"wp:featuredmedia":[{"embeddable":true,"href":"https:\/\/mondaisa.com\/en\/wp-json\/wp\/v2\/media\/2824"}],"wp:attachment":[{"href":"https:\/\/mondaisa.com\/en\/wp-json\/wp\/v2\/media?parent=2821"}],"wp:term":[{"taxonomy":"product_brand","embeddable":true,"href":"https:\/\/mondaisa.com\/en\/wp-json\/wp\/v2\/product_brand?post=2821"},{"taxonomy":"product_cat","embeddable":true,"href":"https:\/\/mondaisa.com\/en\/wp-json\/wp\/v2\/product_cat?post=2821"},{"taxonomy":"product_tag","embeddable":true,"href":"https:\/\/mondaisa.com\/en\/wp-json\/wp\/v2\/product_tag?post=2821"}],"curies":[{"name":"wp","href":"https:\/\/api.w.org\/{rel}","templated":true}]}}