{"id":2818,"date":"2024-05-06T20:46:56","date_gmt":"2024-05-06T20:46:56","guid":{"rendered":"https:\/\/mondaisa.com\/?post_type=product&#038;p=2818"},"modified":"2026-04-07T17:21:06","modified_gmt":"2026-04-07T17:21:06","slug":"aceite-acondicionador-almendras-dulces","status":"publish","type":"product","link":"https:\/\/mondaisa.com\/en\/product\/aceite-acondicionador-almendras-dulces\/","title":{"rendered":"Aceite De Almendras Dulces \/ 1000 ml"},"content":{"rendered":"<div class=\"marnys-description\">\n<h3>Description<\/h3>\n<p><strong>MARNYS\u00ae Sweet Almond Oil<\/strong> can be used during and after pregnancy, when <strong>stretch marks may occur, to maintain hydration and elasticity.<\/strong>.<\/p>\n<h3>Directions for use:<\/h3>\n<p><strong>For moisturizing skin:<\/strong> Apply to the skin once or twice a day with a gentle massage using circular motions until fully absorbed. Can be applied to facial or body skin.<\/p>\n<p><strong>For use on hair:<\/strong> Acts as a natural hair conditioner when applied to the ends before shampooing. Massage and rinse.<\/p>\n<p>1000ml<\/p>\n<\/div>","protected":false},"excerpt":{"rendered":"<p>Descripci\u00f3n El Aceite de Almendras Dulces MARNYS\u00ae se puede utilizar durante y despu\u00e9s del embarazo, cuando pueden presentarse estr\u00edas, para mantener la hidrataci\u00f3n y elasticidad. Modo de empleo Para uso hidratante en piel: Aplicar sobre la piel una a dos veces al d\u00eda con ligero masaje mediante movimientos circulares hasta su total absorci\u00f3n. Puede aplicarse [&hellip;]<\/p>\n","protected":false},"featured_media":2794,"comment_status":"open","ping_status":"closed","template":"","meta":[],"product_brand":[],"product_cat":[29],"product_tag":[],"class_list":{"0":"post-2818","1":"product","2":"type-product","3":"status-publish","4":"has-post-thumbnail","6":"product_cat-aceite-para-masajes","8":"first","9":"instock","10":"taxable","11":"shipping-taxable","12":"purchasable","13":"product-type-simple"},"jetpack_sharing_enabled":true,"_links":{"self":[{"href":"https:\/\/mondaisa.com\/en\/wp-json\/wp\/v2\/product\/2818","targetHints":{"allow":["GET"]}}],"collection":[{"href":"https:\/\/mondaisa.com\/en\/wp-json\/wp\/v2\/product"}],"about":[{"href":"https:\/\/mondaisa.com\/en\/wp-json\/wp\/v2\/types\/product"}],"replies":[{"embeddable":true,"href":"https:\/\/mondaisa.com\/en\/wp-json\/wp\/v2\/comments?post=2818"}],"wp:featuredmedia":[{"embeddable":true,"href":"https:\/\/mondaisa.com\/en\/wp-json\/wp\/v2\/media\/2794"}],"wp:attachment":[{"href":"https:\/\/mondaisa.com\/en\/wp-json\/wp\/v2\/media?parent=2818"}],"wp:term":[{"taxonomy":"product_brand","embeddable":true,"href":"https:\/\/mondaisa.com\/en\/wp-json\/wp\/v2\/product_brand?post=2818"},{"taxonomy":"product_cat","embeddable":true,"href":"https:\/\/mondaisa.com\/en\/wp-json\/wp\/v2\/product_cat?post=2818"},{"taxonomy":"product_tag","embeddable":true,"href":"https:\/\/mondaisa.com\/en\/wp-json\/wp\/v2\/product_tag?post=2818"}],"curies":[{"name":"wp","href":"https:\/\/api.w.org\/{rel}","templated":true}]}}