{"id":2814,"date":"2024-05-06T20:44:24","date_gmt":"2024-05-06T20:44:24","guid":{"rendered":"https:\/\/mondaisa.com\/?post_type=product&#038;p=2814"},"modified":"2026-04-08T20:47:07","modified_gmt":"2026-04-08T20:47:07","slug":"almendras-dulces","status":"publish","type":"product","link":"https:\/\/mondaisa.com\/en\/product\/almendras-dulces\/","title":{"rendered":"Aceite de Almendras Dulces 100ml"},"content":{"rendered":"<div class=\"marnys-description\">\n<h3>Description<\/h3>\n<p><strong>MARNYS\u00ae Sweet Almond Massage Oil<\/strong> provides <strong>Protection, softness, and intense hydration<\/strong> for the skin.<\/p>\n<h3>Directions for use:<\/h3>\n<p>For daily use on slightly damp or dry skin, apply the necessary amount of oil. Gently massage. Avoid contact with eyes and mucous membranes.<\/p>\n<p>100ml<\/p>\n<\/div>","protected":false},"excerpt":{"rendered":"<p>Descripci\u00f3n El Aceite de masaje de Almendras Dulces MARNYS\u00ae brinda Protecci\u00f3n, suavidad e hidrataci\u00f3n intensa para la piel. Modo de empleo Para uso diario sobre la piel ligeramente h\u00fameda o seca, aplicar la cantidad necesaria de aceite. Masajear suavemente. Evitar el contacto con ojos y mucosas. 100ml<\/p>","protected":false},"featured_media":2791,"comment_status":"open","ping_status":"closed","template":"","meta":[],"product_brand":[],"product_cat":[29],"product_tag":[],"class_list":{"0":"post-2814","1":"product","2":"type-product","3":"status-publish","4":"has-post-thumbnail","6":"product_cat-aceite-para-masajes","8":"first","9":"instock","10":"taxable","11":"shipping-taxable","12":"purchasable","13":"product-type-simple"},"jetpack_sharing_enabled":true,"_links":{"self":[{"href":"https:\/\/mondaisa.com\/en\/wp-json\/wp\/v2\/product\/2814","targetHints":{"allow":["GET"]}}],"collection":[{"href":"https:\/\/mondaisa.com\/en\/wp-json\/wp\/v2\/product"}],"about":[{"href":"https:\/\/mondaisa.com\/en\/wp-json\/wp\/v2\/types\/product"}],"replies":[{"embeddable":true,"href":"https:\/\/mondaisa.com\/en\/wp-json\/wp\/v2\/comments?post=2814"}],"wp:featuredmedia":[{"embeddable":true,"href":"https:\/\/mondaisa.com\/en\/wp-json\/wp\/v2\/media\/2791"}],"wp:attachment":[{"href":"https:\/\/mondaisa.com\/en\/wp-json\/wp\/v2\/media?parent=2814"}],"wp:term":[{"taxonomy":"product_brand","embeddable":true,"href":"https:\/\/mondaisa.com\/en\/wp-json\/wp\/v2\/product_brand?post=2814"},{"taxonomy":"product_cat","embeddable":true,"href":"https:\/\/mondaisa.com\/en\/wp-json\/wp\/v2\/product_cat?post=2814"},{"taxonomy":"product_tag","embeddable":true,"href":"https:\/\/mondaisa.com\/en\/wp-json\/wp\/v2\/product_tag?post=2814"}],"curies":[{"name":"wp","href":"https:\/\/api.w.org\/{rel}","templated":true}]}}