{"id":2806,"date":"2024-05-06T20:41:56","date_gmt":"2024-05-06T20:41:56","guid":{"rendered":"https:\/\/mondaisa.com\/?post_type=product&#038;p=2806"},"modified":"2026-04-07T17:36:14","modified_gmt":"2026-04-07T17:36:14","slug":"aceite-de-coco","status":"publish","type":"product","link":"https:\/\/mondaisa.com\/en\/product\/aceite-de-coco\/","title":{"rendered":"Aceite de Coco Cosm\u00e9tico 500ml"},"content":{"rendered":"<div class=\"marnys-description\">\n<h3>Description<\/h3>\n<p><strong>MARNYS\u00ae Coconut Oil<\/strong> is a <strong>100% vegetable oil for cosmetic use,<\/strong>suitable for both <strong>skin<\/strong> and <strong>hair,<\/strong>providing <strong>intensive hydration, softness, and care.<\/strong>.<\/p>\n<h3>Directions for use:<\/h3>\n<p><strong>For skin:<\/strong> Apply to damp skin. It spreads easily and leaves no greasy residue.<\/p>\n<p><strong>For hair:<\/strong> Use it as a conditioner after washing your hair with your usual shampoo.<\/p>\n<p>500ml<\/p>\n<\/div>","protected":false},"excerpt":{"rendered":"<p>Descripci\u00f3n El Aceite de Coco MARNYS\u00ae es un aceite 100% vegetal de uso cosm\u00e9tico, tanto para la piel como para el pelo, proporcion\u00e1ndoles hidrataci\u00f3n intensiva, suavidad y cuidado. Modo de empleo Para la piel: Apl\u00edcalo sobre la piel h\u00fameda. Se extiende f\u00e1cilmente y no deja residuo graso. Para el cabello: Puedes aplicarlo como un acondicionador, [&hellip;]<\/p>\n","protected":false},"featured_media":2788,"comment_status":"open","ping_status":"closed","template":"","meta":[],"product_brand":[],"product_cat":[29],"product_tag":[],"class_list":{"0":"post-2806","1":"product","2":"type-product","3":"status-publish","4":"has-post-thumbnail","6":"product_cat-aceite-para-masajes","8":"first","9":"instock","10":"taxable","11":"shipping-taxable","12":"purchasable","13":"product-type-simple"},"jetpack_sharing_enabled":true,"_links":{"self":[{"href":"https:\/\/mondaisa.com\/en\/wp-json\/wp\/v2\/product\/2806","targetHints":{"allow":["GET"]}}],"collection":[{"href":"https:\/\/mondaisa.com\/en\/wp-json\/wp\/v2\/product"}],"about":[{"href":"https:\/\/mondaisa.com\/en\/wp-json\/wp\/v2\/types\/product"}],"replies":[{"embeddable":true,"href":"https:\/\/mondaisa.com\/en\/wp-json\/wp\/v2\/comments?post=2806"}],"wp:featuredmedia":[{"embeddable":true,"href":"https:\/\/mondaisa.com\/en\/wp-json\/wp\/v2\/media\/2788"}],"wp:attachment":[{"href":"https:\/\/mondaisa.com\/en\/wp-json\/wp\/v2\/media?parent=2806"}],"wp:term":[{"taxonomy":"product_brand","embeddable":true,"href":"https:\/\/mondaisa.com\/en\/wp-json\/wp\/v2\/product_brand?post=2806"},{"taxonomy":"product_cat","embeddable":true,"href":"https:\/\/mondaisa.com\/en\/wp-json\/wp\/v2\/product_cat?post=2806"},{"taxonomy":"product_tag","embeddable":true,"href":"https:\/\/mondaisa.com\/en\/wp-json\/wp\/v2\/product_tag?post=2806"}],"curies":[{"name":"wp","href":"https:\/\/api.w.org\/{rel}","templated":true}]}}