{"id":2785,"date":"2024-05-06T20:40:42","date_gmt":"2024-05-06T20:40:42","guid":{"rendered":"https:\/\/mondaisa.com\/?post_type=product&#038;p=2785"},"modified":"2026-04-07T17:37:25","modified_gmt":"2026-04-07T17:37:25","slug":"aguacate","status":"publish","type":"product","link":"https:\/\/mondaisa.com\/en\/product\/aguacate\/","title":{"rendered":"Aceite de Masaje de Aguacate"},"content":{"rendered":"<div class=\"marnys-description\">\n<h3>Description<\/h3>\n<p><strong>MARNYS Avocado Nutritive and Repairing Massage Oil<\/strong> is ideal for <strong>nourishing, hydrating, and softening the skin.<\/strong>Perfect for very dry skin.<\/p>\n<p>It can also be used as a <strong>conditioner and repairing<\/strong> treatment for dry or heat-damaged hair.<\/p>\n<h3>Directions for use:<\/h3>\n<p><strong>For skin:<\/strong> For daily use on slightly damp or dry skin, apply the necessary amount of oil. Gently massage. Avoid contact with eyes and mucous membranes.<\/p>\n<p><strong>For hair:<\/strong> Apply to hair as a mask 1 to 2 times a week for 10 minutes before washing.<\/p>\n<p>100ml<\/p>\n<\/div>","protected":false},"excerpt":{"rendered":"<p>Descripci\u00f3n Aceite de masaje Nutritivo y Reparador Aguacate MARNYS es ideal para nutrir, hidratar y suavizar la piel. Perfecto para pieles muy secas. Tambi\u00e9n se puede utilizar como acondicionador y reparador para cabello seco o da\u00f1ado por el calor Modo de empleo Para la piel: Para uso diario sobre la piel ligeramente h\u00fameda o seca, [&hellip;]<\/p>\n","protected":false},"featured_media":2787,"comment_status":"open","ping_status":"closed","template":"","meta":[],"product_brand":[],"product_cat":[29],"product_tag":[],"class_list":{"0":"post-2785","1":"product","2":"type-product","3":"status-publish","4":"has-post-thumbnail","6":"product_cat-aceite-para-masajes","8":"first","9":"instock","10":"taxable","11":"shipping-taxable","12":"purchasable","13":"product-type-simple"},"jetpack_sharing_enabled":true,"_links":{"self":[{"href":"https:\/\/mondaisa.com\/en\/wp-json\/wp\/v2\/product\/2785","targetHints":{"allow":["GET"]}}],"collection":[{"href":"https:\/\/mondaisa.com\/en\/wp-json\/wp\/v2\/product"}],"about":[{"href":"https:\/\/mondaisa.com\/en\/wp-json\/wp\/v2\/types\/product"}],"replies":[{"embeddable":true,"href":"https:\/\/mondaisa.com\/en\/wp-json\/wp\/v2\/comments?post=2785"}],"wp:featuredmedia":[{"embeddable":true,"href":"https:\/\/mondaisa.com\/en\/wp-json\/wp\/v2\/media\/2787"}],"wp:attachment":[{"href":"https:\/\/mondaisa.com\/en\/wp-json\/wp\/v2\/media?parent=2785"}],"wp:term":[{"taxonomy":"product_brand","embeddable":true,"href":"https:\/\/mondaisa.com\/en\/wp-json\/wp\/v2\/product_brand?post=2785"},{"taxonomy":"product_cat","embeddable":true,"href":"https:\/\/mondaisa.com\/en\/wp-json\/wp\/v2\/product_cat?post=2785"},{"taxonomy":"product_tag","embeddable":true,"href":"https:\/\/mondaisa.com\/en\/wp-json\/wp\/v2\/product_tag?post=2785"}],"curies":[{"name":"wp","href":"https:\/\/api.w.org\/{rel}","templated":true}]}}