{"id":2624,"date":"2024-05-06T16:52:17","date_gmt":"2024-05-06T16:52:17","guid":{"rendered":"https:\/\/mondaisa.com\/?post_type=product&#038;p=2624"},"modified":"2026-04-07T21:16:06","modified_gmt":"2026-04-07T21:16:06","slug":"te-frio-verde-con-jengibre-limon","status":"publish","type":"product","link":"https:\/\/mondaisa.com\/en\/product\/te-frio-verde-con-jengibre-limon\/","title":{"rendered":"T\u00e9 Fr\u00edo Verde con Jengibre Lim\u00f3n &#8211; 10 sticks"},"content":{"rendered":"<h3 class=\"preparacion-title\">Preparation<\/h3>\n<div class=\"pasos-container\">\n<div class=\"paso-preparaci\u00f3n\">\n<p><img decoding=\"async\" class=\"preparation-image\" src=\"https:\/\/mondaisa.com\/wp-content\/uploads\/2024\/05\/Productos-Preparacion_Botella-1-1.png\" \/>Vierta el contenido del paquete en 600 mL de agua fr\u00eda<\/p>\n<\/div>\n<div class=\"paso-preparaci\u00f3n\">\n<p><img decoding=\"async\" class=\"preparation-image\" src=\"https:\/\/mondaisa.com\/wp-content\/uploads\/2024\/05\/Productos-Preparacion_Botella-2-1.png\" \/>Agite bien la mezcla<\/p>\n<\/div>\n<div class=\"paso-preparaci\u00f3n\">\n<p><img decoding=\"async\" class=\"preparation-image\" src=\"https:\/\/mondaisa.com\/wp-content\/uploads\/2024\/05\/Productos-Preparacion_Botella-3-1.png\" \/>\u00a1Enjoy!<\/p>\n<\/div>\n<\/div>\n<div class=\"container-ingredientes\">\n<div class=\"ingredientes\">\n<h3 class=\"preparacion-title\">Ingredients<\/h3>\n<ul>\n<li>T\u00e9 fr\u00edo Jenjibre lim\u00f3n<\/li>\n<li>Endulzado con Stevia<\/li>\n<li>0g de Az\u00facar<\/li>\n<li>Contenido: 10 Sticks<\/li>\n<\/ul>\n<\/div>\n<\/div>","protected":false},"excerpt":{"rendered":"<p>Preparaci\u00f3n Vierta el contenido del paquete en 600 mL de agua fr\u00eda Agite bien la mezcla \u00a1Disfrutar! Ingredientes T\u00e9 fr\u00edo Jenjibre lim\u00f3n Endulzado con Stevia 0g de Az\u00facar Contenido: 10 Sticks<\/p>","protected":false},"featured_media":2620,"comment_status":"open","ping_status":"closed","template":"","meta":[],"product_brand":[],"product_cat":[36,24],"product_tag":[],"class_list":{"0":"post-2624","1":"product","2":"type-product","3":"status-publish","4":"has-post-thumbnail","6":"product_cat-only-cr","7":"product_cat-solubles","9":"first","10":"instock","11":"taxable","12":"shipping-taxable","13":"purchasable","14":"product-type-simple"},"jetpack_sharing_enabled":true,"_links":{"self":[{"href":"https:\/\/mondaisa.com\/en\/wp-json\/wp\/v2\/product\/2624","targetHints":{"allow":["GET"]}}],"collection":[{"href":"https:\/\/mondaisa.com\/en\/wp-json\/wp\/v2\/product"}],"about":[{"href":"https:\/\/mondaisa.com\/en\/wp-json\/wp\/v2\/types\/product"}],"replies":[{"embeddable":true,"href":"https:\/\/mondaisa.com\/en\/wp-json\/wp\/v2\/comments?post=2624"}],"wp:featuredmedia":[{"embeddable":true,"href":"https:\/\/mondaisa.com\/en\/wp-json\/wp\/v2\/media\/2620"}],"wp:attachment":[{"href":"https:\/\/mondaisa.com\/en\/wp-json\/wp\/v2\/media?parent=2624"}],"wp:term":[{"taxonomy":"product_brand","embeddable":true,"href":"https:\/\/mondaisa.com\/en\/wp-json\/wp\/v2\/product_brand?post=2624"},{"taxonomy":"product_cat","embeddable":true,"href":"https:\/\/mondaisa.com\/en\/wp-json\/wp\/v2\/product_cat?post=2624"},{"taxonomy":"product_tag","embeddable":true,"href":"https:\/\/mondaisa.com\/en\/wp-json\/wp\/v2\/product_tag?post=2624"}],"curies":[{"name":"wp","href":"https:\/\/api.w.org\/{rel}","templated":true}]}}