{"id":2609,"date":"2024-05-06T16:39:21","date_gmt":"2024-05-06T16:39:21","guid":{"rendered":"https:\/\/mondaisa.com\/?post_type=product&#038;p=2609"},"modified":"2026-04-07T21:13:46","modified_gmt":"2026-04-07T21:13:46","slug":"infusion-fria-de-curcuma-jengibre-y-mango","status":"publish","type":"product","link":"https:\/\/mondaisa.com\/en\/product\/infusion-fria-de-curcuma-jengibre-y-mango\/","title":{"rendered":"Infusi\u00f3n Fr\u00eda de C\u00farcuma, Jengibre y Mango &#8211; 20 bolsitas"},"content":{"rendered":"<h3 class=\"preparacion-title\">Preparation<\/h3>\n<div class=\"pasos-container\">\n<div class=\"paso-preparaci\u00f3n\">\n<img decoding=\"async\" class=\"preparation-image\" src=\"https:\/\/mondaisa.com\/wp-content\/uploads\/2024\/05\/Productos-Preparacion_Vaso-1.png\"><\/p>\n<p>Add 2   <\/br> tea bags<\/p>\n<\/div>\n<div class=\"paso-preparaci\u00f3n\">\n<img decoding=\"async\" class=\"preparation-image\" src=\"https:\/\/mondaisa.com\/wp-content\/uploads\/2024\/05\/Productos-Preparacion_Vaso-2.png\"><\/p>\n<p>Add 300 mL of<\/br>  cold water<\/p>\n<\/div>\n<div class=\"paso-preparaci\u00f3n\">\n<img decoding=\"async\" class=\"preparation-image\" src=\"https:\/\/mondaisa.com\/wp-content\/uploads\/2024\/05\/Productos-Preparacion_Vaso-3.png\"><\/p>\n<p>Let the tea bags stand for<\/br> 6-7 minutes<\/p>\n<\/div>\n<div class=\"paso-preparaci\u00f3n\">\n<img decoding=\"async\" class=\"preparation-image\" src=\"https:\/\/mondaisa.com\/wp-content\/uploads\/2024\/05\/Productos-Preparacion_Vaso-4.png\"><\/p>\n<p>\u00a1Enjoy!<\/p>\n<\/div>\n<\/div>\n<div class=\"container-ingredientes\">\n<div class=\"ingredientes\">\n<h3 class=\"preparacion-title\">Ingredients<\/h3>\n<ul>\n<li>Turmeric, Ginger<\/li>\n<li>Rooibos<\/li>\n<li>Mango<\/li>\n<li>Orange<\/li>\n<li>Mango scent<\/li>\n<\/ul>\n<\/div>\n<\/div>","protected":false},"excerpt":{"rendered":"<p>Preparaci\u00f3n A\u00f1adir 2 bolsitas de t\u00e9 Agregar 300 mL de agua fr\u00eda Dejar reposar 6-7 minutos \u00a1Disfrutar! Ingredientes Cu\u0301rcuma, jengibre Rooibos Mango deshidratado Ca\u0301scara de naranja Aroma de mango<\/p>","protected":false},"featured_media":2611,"comment_status":"open","ping_status":"closed","template":"","meta":[],"product_brand":[],"product_cat":[23,20],"product_tag":[],"class_list":{"0":"post-2609","1":"product","2":"type-product","3":"status-publish","4":"has-post-thumbnail","6":"product_cat-infusiones-frias","7":"product_cat-nuevos","9":"first","10":"instock","11":"taxable","12":"shipping-taxable","13":"purchasable","14":"product-type-simple"},"jetpack_sharing_enabled":true,"_links":{"self":[{"href":"https:\/\/mondaisa.com\/en\/wp-json\/wp\/v2\/product\/2609","targetHints":{"allow":["GET"]}}],"collection":[{"href":"https:\/\/mondaisa.com\/en\/wp-json\/wp\/v2\/product"}],"about":[{"href":"https:\/\/mondaisa.com\/en\/wp-json\/wp\/v2\/types\/product"}],"replies":[{"embeddable":true,"href":"https:\/\/mondaisa.com\/en\/wp-json\/wp\/v2\/comments?post=2609"}],"wp:featuredmedia":[{"embeddable":true,"href":"https:\/\/mondaisa.com\/en\/wp-json\/wp\/v2\/media\/2611"}],"wp:attachment":[{"href":"https:\/\/mondaisa.com\/en\/wp-json\/wp\/v2\/media?parent=2609"}],"wp:term":[{"taxonomy":"product_brand","embeddable":true,"href":"https:\/\/mondaisa.com\/en\/wp-json\/wp\/v2\/product_brand?post=2609"},{"taxonomy":"product_cat","embeddable":true,"href":"https:\/\/mondaisa.com\/en\/wp-json\/wp\/v2\/product_cat?post=2609"},{"taxonomy":"product_tag","embeddable":true,"href":"https:\/\/mondaisa.com\/en\/wp-json\/wp\/v2\/product_tag?post=2609"}],"curies":[{"name":"wp","href":"https:\/\/api.w.org\/{rel}","templated":true}]}}