{"id":2598,"date":"2024-05-06T16:33:17","date_gmt":"2024-05-06T16:33:17","guid":{"rendered":"https:\/\/mondaisa.com\/?post_type=product&#038;p=2598"},"modified":"2026-04-07T20:43:24","modified_gmt":"2026-04-07T20:43:24","slug":"infusion-fria-de-te-verde-con-arandano-y-frambuesa","status":"publish","type":"product","link":"https:\/\/mondaisa.com\/en\/product\/infusion-fria-de-te-verde-con-arandano-y-frambuesa\/","title":{"rendered":"Infusi\u00f3n Fr\u00eda de T\u00e9 Verde con Ar\u00e1ndano y Frambuesa &#8211; 20 bolsitas"},"content":{"rendered":"<h3 class=\"preparacion-title\">Preparation<\/h3>\n<div class=\"pasos-container\">\n<div class=\"paso-preparaci\u00f3n\">\n<img decoding=\"async\" class=\"preparation-image\" src=\"https:\/\/mondaisa.com\/wp-content\/uploads\/2024\/05\/Productos-Preparacion_Vaso-1.png\"><\/p>\n<p>Add 2   <\/br> tea bags<\/p>\n<\/div>\n<div class=\"paso-preparaci\u00f3n\">\n<img decoding=\"async\" class=\"preparation-image\" src=\"https:\/\/mondaisa.com\/wp-content\/uploads\/2024\/05\/Productos-Preparacion_Vaso-2.png\"><\/p>\n<p>Add 300 mL of<\/br>  cold water<\/p>\n<\/div>\n<div class=\"paso-preparaci\u00f3n\">\n<img decoding=\"async\" class=\"preparation-image\" src=\"https:\/\/mondaisa.com\/wp-content\/uploads\/2024\/05\/Productos-Preparacion_Vaso-3.png\"><\/p>\n<p>Let the tea bags stand for<\/br> 6-7 minutes<\/p>\n<\/div>\n<div class=\"paso-preparaci\u00f3n\">\n<img decoding=\"async\" class=\"preparation-image\" src=\"https:\/\/mondaisa.com\/wp-content\/uploads\/2024\/05\/Productos-Preparacion_Vaso-4.png\"><\/p>\n<p>\u00a1Enjoy!<\/p>\n<\/div>\n<\/div>\n<div class=\"container-ingredientes\">\n<div class=\"ingredientes\">\n<h3 class=\"preparacion-title\">Ingredients<\/h3>\n<ul>\n<li>Green Tea<\/li>\n<li>White Tea<\/li>\n<li>Blueberry<\/li>\n<li>Lemon<\/li>\n<li>Raspberry<\/li>\n<li>Lemon scent<\/li>\n<\/ul>\n<\/div>\n<\/div>","protected":false},"excerpt":{"rendered":"<p><a class=\"out-cr-display\" target=\"_blank\" href=\"https:\/\/www.amazon.com\/MONDAISA-Cranberry-Rasperry-teabags-Certified\/dp\/B09VX7K56C?ref_=ast_sto_dp&#038;th=1&#038;psc=1\" rel=\"noopener\">BUY ON AMAZON USA<\/a><\/p>","protected":false},"featured_media":2599,"comment_status":"open","ping_status":"closed","template":"","meta":[],"product_brand":[],"product_cat":[23],"product_tag":[],"class_list":{"0":"post-2598","1":"product","2":"type-product","3":"status-publish","4":"has-post-thumbnail","6":"product_cat-infusiones-frias","8":"first","9":"instock","10":"taxable","11":"shipping-taxable","12":"purchasable","13":"product-type-simple"},"jetpack_sharing_enabled":true,"_links":{"self":[{"href":"https:\/\/mondaisa.com\/en\/wp-json\/wp\/v2\/product\/2598","targetHints":{"allow":["GET"]}}],"collection":[{"href":"https:\/\/mondaisa.com\/en\/wp-json\/wp\/v2\/product"}],"about":[{"href":"https:\/\/mondaisa.com\/en\/wp-json\/wp\/v2\/types\/product"}],"replies":[{"embeddable":true,"href":"https:\/\/mondaisa.com\/en\/wp-json\/wp\/v2\/comments?post=2598"}],"wp:featuredmedia":[{"embeddable":true,"href":"https:\/\/mondaisa.com\/en\/wp-json\/wp\/v2\/media\/2599"}],"wp:attachment":[{"href":"https:\/\/mondaisa.com\/en\/wp-json\/wp\/v2\/media?parent=2598"}],"wp:term":[{"taxonomy":"product_brand","embeddable":true,"href":"https:\/\/mondaisa.com\/en\/wp-json\/wp\/v2\/product_brand?post=2598"},{"taxonomy":"product_cat","embeddable":true,"href":"https:\/\/mondaisa.com\/en\/wp-json\/wp\/v2\/product_cat?post=2598"},{"taxonomy":"product_tag","embeddable":true,"href":"https:\/\/mondaisa.com\/en\/wp-json\/wp\/v2\/product_tag?post=2598"}],"curies":[{"name":"wp","href":"https:\/\/api.w.org\/{rel}","templated":true}]}}