{"id":2522,"date":"2024-05-06T15:13:39","date_gmt":"2024-05-06T15:13:39","guid":{"rendered":"https:\/\/mondaisa.com\/?post_type=product&#038;p=2522"},"modified":"2026-04-07T20:59:41","modified_gmt":"2026-04-07T20:59:41","slug":"jengibre-propoleo-y-naranja","status":"publish","type":"product","link":"https:\/\/mondaisa.com\/en\/product\/jengibre-propoleo-y-naranja\/","title":{"rendered":"T\u00e9 Jengibre Prop\u00f3leo Naranja &#8211; 20 bolsitas"},"content":{"rendered":"<h3 class=\"preparacion-title\">Preparation<\/h3>\n<div class=\"pasos-container\">\n<div class=\"paso-preparaci\u00f3n\">\n<img decoding=\"async\" class=\"preparation-image\" src=\"\/wp-content\/uploads\/2024\/05\/Productos-Preparacion_Taza-1.png\"><\/p>\n<p>Add 1-2   <\/br> tea bags<\/p>\n<\/div>\n<div class=\"paso-preparaci\u00f3n\">\n<img decoding=\"async\" class=\"preparation-image\" src=\"\/wp-content\/uploads\/2024\/05\/Productos-Preparacion_Taza-2.png\"><\/p>\n<p>Add 150 mL of<\/br>  boiling water<\/p>\n<\/div>\n<div class=\"paso-preparaci\u00f3n\">\n<img decoding=\"async\" class=\"preparation-image\" src=\"\/wp-content\/uploads\/2024\/05\/Productos-Preparacion_Taza-3.png\"><\/p>\n<p>Let the tea bags stand for  5<\/br>  minutes<\/p>\n<\/div>\n<div class=\"paso-preparaci\u00f3n\">\n<img decoding=\"async\" class=\"preparation-image\" src=\"\/wp-content\/uploads\/2024\/05\/Productos-Preparacion_Taza-4.png\"><\/p>\n<p>\u00a1Enjoy!<\/p>\n<\/div>\n<\/div>\n<div class=\"container-ingredientes\">\n<div class=\"ingredientes\">\n<h3 class=\"preparacion-title\">Ingredients<\/h3>\n<ul>\n<li>Ginger<\/li>\n<li>Echinacea<\/li>\n<li>Escaramujo<\/li>\n<li>orange peel<\/li>\n<li>Granulated propolis extract<\/li>\n<li>orange scent<\/li>\n<\/ul>\n<\/div>\n<\/div>","protected":false},"excerpt":{"rendered":"<p>Preparaci\u00f3n A\u00f1adir 1-2 bolsitas de t\u00e9 Agregar 150 mL de agua hirviendo Reposar 5 minutos \u00a1Disfrutar! Ingredientes Jengibre Equina\u0301cea Escaramujo Naranja corteza Extracto de propo\u0301leo granulado Aroma de naranja<\/p>","protected":false},"featured_media":2527,"comment_status":"open","ping_status":"closed","template":"","meta":[],"product_brand":[],"product_cat":[21,20],"product_tag":[],"class_list":{"0":"post-2522","1":"product","2":"type-product","3":"status-publish","4":"has-post-thumbnail","6":"product_cat-herbales","7":"product_cat-nuevos","9":"first","10":"instock","11":"taxable","12":"shipping-taxable","13":"purchasable","14":"product-type-simple"},"jetpack_sharing_enabled":true,"_links":{"self":[{"href":"https:\/\/mondaisa.com\/en\/wp-json\/wp\/v2\/product\/2522","targetHints":{"allow":["GET"]}}],"collection":[{"href":"https:\/\/mondaisa.com\/en\/wp-json\/wp\/v2\/product"}],"about":[{"href":"https:\/\/mondaisa.com\/en\/wp-json\/wp\/v2\/types\/product"}],"replies":[{"embeddable":true,"href":"https:\/\/mondaisa.com\/en\/wp-json\/wp\/v2\/comments?post=2522"}],"wp:featuredmedia":[{"embeddable":true,"href":"https:\/\/mondaisa.com\/en\/wp-json\/wp\/v2\/media\/2527"}],"wp:attachment":[{"href":"https:\/\/mondaisa.com\/en\/wp-json\/wp\/v2\/media?parent=2522"}],"wp:term":[{"taxonomy":"product_brand","embeddable":true,"href":"https:\/\/mondaisa.com\/en\/wp-json\/wp\/v2\/product_brand?post=2522"},{"taxonomy":"product_cat","embeddable":true,"href":"https:\/\/mondaisa.com\/en\/wp-json\/wp\/v2\/product_cat?post=2522"},{"taxonomy":"product_tag","embeddable":true,"href":"https:\/\/mondaisa.com\/en\/wp-json\/wp\/v2\/product_tag?post=2522"}],"curies":[{"name":"wp","href":"https:\/\/api.w.org\/{rel}","templated":true}]}}