{"id":2419,"date":"2024-05-06T07:22:06","date_gmt":"2024-05-06T07:22:06","guid":{"rendered":"https:\/\/mondaisa.com\/?post_type=product&#038;p=2419"},"modified":"2026-04-07T20:28:53","modified_gmt":"2026-04-07T20:28:53","slug":"te-verde-con-pina","status":"publish","type":"product","link":"https:\/\/mondaisa.com\/en\/product\/te-verde-con-pina\/","title":{"rendered":"Green Tea with Pineapple - 20 bags"},"content":{"rendered":"<h3 class=\"preparacion-title\">Preparation<\/h3>\n<div class=\"pasos-container\">\n<div class=\"paso-preparaci\u00f3n\">\n<img decoding=\"async\" class=\"preparation-image\" src=\"\/wp-content\/uploads\/2024\/05\/Productos-Preparacion_Taza-1.png\"><\/p>\n<p>Add 1 \u2013 2   <\/br> Bag Tea<\/p>\n<\/div>\n<div class=\"paso-preparaci\u00f3n\">\n<img decoding=\"async\" class=\"preparation-image\" src=\"\/wp-content\/uploads\/2024\/05\/Productos-Preparacion_Taza-2.png\"><\/p>\n<p>Add 200 mL of<\/br>  boiling water<\/p>\n<\/div>\n<div class=\"paso-preparaci\u00f3n\">\n<img decoding=\"async\" class=\"preparation-image\" src=\"\/wp-content\/uploads\/2024\/05\/Productos-Preparacion_Taza-3.png\"><\/p>\n<p>Let the tea bags stand for 2 - 3 <\/br>  minutes<\/p>\n<\/div>\n<div class=\"paso-preparaci\u00f3n\">\n<img decoding=\"async\" class=\"preparation-image\" src=\"\/wp-content\/uploads\/2024\/05\/Productos-Preparacion_Taza-4.png\"><\/p>\n<p>\u00a1Enjoy!<\/p>\n<\/div>\n<\/div>\n<div class=\"container-ingredientes\">\n<div class=\"ingredientes\">\n<h3 class=\"preparacion-title\">Ingredients<\/h3>\n<ul>\n<li>Green Tea<\/li>\n<li>Black Tea<\/li>\n<li>pineapple aroma<\/li>\n<li>Green tea with pineapple<\/li>\n<\/ul>\n<\/div>\n<\/div>","protected":false},"excerpt":{"rendered":"<p>Preparaci\u00f3n A\u00f1adir 1 &#8211; 2 bolsita de t\u00e9 Agregar 200 mL de agua hirviendo Reposar 2 &#8211; 3 minutos \u00a1Disfrutar! Ingredientes T\u00e9 verde t\u00e9 negro Aroma de pi\u00f1a Pi\u00f1a deshidratada<\/p>","protected":false},"featured_media":2420,"comment_status":"open","ping_status":"closed","template":"","meta":[],"product_brand":[],"product_cat":[19],"product_tag":[],"class_list":{"0":"post-2419","1":"product","2":"type-product","3":"status-publish","4":"has-post-thumbnail","6":"product_cat-tradicionales","8":"first","9":"instock","10":"taxable","11":"shipping-taxable","12":"purchasable","13":"product-type-simple"},"jetpack_sharing_enabled":true,"_links":{"self":[{"href":"https:\/\/mondaisa.com\/en\/wp-json\/wp\/v2\/product\/2419","targetHints":{"allow":["GET"]}}],"collection":[{"href":"https:\/\/mondaisa.com\/en\/wp-json\/wp\/v2\/product"}],"about":[{"href":"https:\/\/mondaisa.com\/en\/wp-json\/wp\/v2\/types\/product"}],"replies":[{"embeddable":true,"href":"https:\/\/mondaisa.com\/en\/wp-json\/wp\/v2\/comments?post=2419"}],"wp:featuredmedia":[{"embeddable":true,"href":"https:\/\/mondaisa.com\/en\/wp-json\/wp\/v2\/media\/2420"}],"wp:attachment":[{"href":"https:\/\/mondaisa.com\/en\/wp-json\/wp\/v2\/media?parent=2419"}],"wp:term":[{"taxonomy":"product_brand","embeddable":true,"href":"https:\/\/mondaisa.com\/en\/wp-json\/wp\/v2\/product_brand?post=2419"},{"taxonomy":"product_cat","embeddable":true,"href":"https:\/\/mondaisa.com\/en\/wp-json\/wp\/v2\/product_cat?post=2419"},{"taxonomy":"product_tag","embeddable":true,"href":"https:\/\/mondaisa.com\/en\/wp-json\/wp\/v2\/product_tag?post=2419"}],"curies":[{"name":"wp","href":"https:\/\/api.w.org\/{rel}","templated":true}]}}