{"id":2390,"date":"2024-05-06T06:53:22","date_gmt":"2024-05-06T06:53:22","guid":{"rendered":"https:\/\/mondaisa.com\/?post_type=product&#038;p=2390"},"modified":"2026-04-07T20:34:16","modified_gmt":"2026-04-07T20:34:16","slug":"manzanilla-jengibre-y-miel","status":"publish","type":"product","link":"https:\/\/mondaisa.com\/en\/product\/manzanilla-jengibre-y-miel\/","title":{"rendered":"T\u00e9 Manzanilla, Jengibre &#038; Miel &#8211; 20 bolsitas"},"content":{"rendered":"<h3 class=\"preparacion-title\">Preparation<\/h3>\n<div class=\"pasos-container\">\n<div class=\"paso-preparaci\u00f3n\">\n<img decoding=\"async\" class=\"preparation-image\" src=\"\/wp-content\/uploads\/2024\/05\/Productos-Preparacion_Taza-1.png\"><\/p>\n<p>Add 1 \u2013 2  <\/br> tea bags<\/p>\n<\/div>\n<div class=\"paso-preparaci\u00f3n\">\n<img decoding=\"async\" class=\"preparation-image\" src=\"\/wp-content\/uploads\/2024\/05\/Productos-Preparacion_Taza-2.png\"><\/p>\n<p>Add 150 mL of<\/br>  boiling water<\/p>\n<\/div>\n<div class=\"paso-preparaci\u00f3n\">\n<img decoding=\"async\" class=\"preparation-image\" src=\"\/wp-content\/uploads\/2024\/05\/Productos-Preparacion_Taza-3.png\"><\/p>\n<p>Let the tea bags stand for  5<\/br>  minutes<\/p>\n<\/div>\n<div class=\"paso-preparaci\u00f3n\">\n<img decoding=\"async\" class=\"preparation-image\" src=\"\/wp-content\/uploads\/2024\/05\/Productos-Preparacion_Taza-4.png\"><\/p>\n<p>\u00a1Enjoy!<\/p>\n<\/p><\/div>\n<\/p><\/div>\n<div class=\"container-ingredientes\">\n<div class=\"ingredientes\">\n<h3 class=\"preparacion-title\">Ingredients<\/h3>\n<ul>\n<li>Chamomile<\/li>\n<li>Ginger<\/li>\n<li>Honey scent<\/li>\n<li>Natural vanilla flavor<\/li>\n<\/ul><\/div>\n<\/p><\/div>","protected":false},"excerpt":{"rendered":"<p>Preparaci\u00f3n A\u00f1adir 1 &#8211; 2 bolsitas de t\u00e9 Agregar 150 mL de agua hirviendo Reposar 5 minutos \u00a1Disfrutar! Ingredientes Manzanilla jengibre aroma de miel aroma natural de vainilla<\/p>","protected":false},"featured_media":2395,"comment_status":"open","ping_status":"closed","template":"","meta":[],"product_brand":[],"product_cat":[18,20],"product_tag":[],"class_list":{"0":"post-2390","1":"product","2":"type-product","3":"status-publish","4":"has-post-thumbnail","6":"product_cat-manzanillas","7":"product_cat-nuevos","9":"first","10":"instock","11":"taxable","12":"shipping-taxable","13":"purchasable","14":"product-type-simple"},"jetpack_sharing_enabled":true,"_links":{"self":[{"href":"https:\/\/mondaisa.com\/en\/wp-json\/wp\/v2\/product\/2390","targetHints":{"allow":["GET"]}}],"collection":[{"href":"https:\/\/mondaisa.com\/en\/wp-json\/wp\/v2\/product"}],"about":[{"href":"https:\/\/mondaisa.com\/en\/wp-json\/wp\/v2\/types\/product"}],"replies":[{"embeddable":true,"href":"https:\/\/mondaisa.com\/en\/wp-json\/wp\/v2\/comments?post=2390"}],"wp:featuredmedia":[{"embeddable":true,"href":"https:\/\/mondaisa.com\/en\/wp-json\/wp\/v2\/media\/2395"}],"wp:attachment":[{"href":"https:\/\/mondaisa.com\/en\/wp-json\/wp\/v2\/media?parent=2390"}],"wp:term":[{"taxonomy":"product_brand","embeddable":true,"href":"https:\/\/mondaisa.com\/en\/wp-json\/wp\/v2\/product_brand?post=2390"},{"taxonomy":"product_cat","embeddable":true,"href":"https:\/\/mondaisa.com\/en\/wp-json\/wp\/v2\/product_cat?post=2390"},{"taxonomy":"product_tag","embeddable":true,"href":"https:\/\/mondaisa.com\/en\/wp-json\/wp\/v2\/product_tag?post=2390"}],"curies":[{"name":"wp","href":"https:\/\/api.w.org\/{rel}","templated":true}]}}