{"id":2344,"date":"2024-05-06T06:11:58","date_gmt":"2024-05-06T06:11:58","guid":{"rendered":"https:\/\/mondaisa.com\/?post_type=product&#038;p=2344"},"modified":"2026-04-07T20:40:47","modified_gmt":"2026-04-07T20:40:47","slug":"x-pect","status":"publish","type":"product","link":"https:\/\/mondaisa.com\/en\/product\/x-pect\/","title":{"rendered":"Tea X-Pect\u00ae - 25 Bags"},"content":{"rendered":"<h3 class=\"preparacion-title\">Preparation<\/h3>\n<div class=\"pasos-container\">\n<div class=\"paso-preparaci\u00f3n\">\n<img decoding=\"async\" class=\"preparation-image\" src=\"\/wp-content\/uploads\/2024\/05\/Productos-Preparacion_Taza-1.png\"><\/p>\n<p class=\"translation-block\">Add 1-2 tea bags<\/p>\n<\/div>\n<div class=\"paso-preparaci\u00f3n\">\n<img decoding=\"async\" class=\"preparation-image\" src=\"\/wp-content\/uploads\/2024\/05\/Productos-Preparacion_Taza-2.png\"><\/p>\n<p>Add 150 mL of<\/br>  boiling water<\/p>\n<\/div>\n<div class=\"paso-preparaci\u00f3n\">\n<img decoding=\"async\" class=\"preparation-image\" src=\"\/wp-content\/uploads\/2024\/05\/Productos-Preparacion_Taza-3.png\"><\/p>\n<p class=\"translation-block\">Rest 2- 3 <br> minutes<\/p>\n<\/div>\n<div class=\"paso-preparaci\u00f3n\">\n<img decoding=\"async\" class=\"preparation-image\" src=\"\/wp-content\/uploads\/2024\/05\/Productos-Preparacion_Taza-4.png\"><\/p>\n<p>\u00a1Enjoy!<\/p>\n<\/div>\n<\/div>\n<div class=\"container-ingredientes\">\n<div class=\"ingredientes\">\n<h3 class=\"preparacion-title\">Ingredients<\/h3>\n<ul>\n<li>Elder flowers (Sambucus mexicana presl)<\/li>\n<li>Oregano (Oregano gratissumum)<\/li>\n<li>Thyme (Thymus vulgaris)<\/li>\n<li>Eucalyptus (Eucalyptus globulus)<\/li>\n<\/ul>\n<\/div>\n<div class=\"ingredientes-dos\">\n<p><strong>Indications:<\/strong><\/p>\n<p style=\"margin-bottom:20px\">Usarse como auxiliar en caso de resfr\u00edos y bronquitis.<\/p>\n<p><strong>Contraindications and warnings:<\/strong><\/p>\n<p>\u2013 Do not take during pregnancy and lactation.<\/p>\n<p>\u2013 The Ministry of Health does not endorse uses other than those approved on this label.<\/p>\n<p>\u2013 If symptoms persist, consult a doctor.<\/p>\n<p style=\"margin-bottom:20px\">- Keep out of reach of children.<\/p>\n<p><strong>Daily consumption:<\/strong><\/p>\n<p>One sachet per cup. 1 to 3 times a day<\/p>\n<\/div>\n<\/div>","protected":false},"excerpt":{"rendered":"<p>Preparaci\u00f3n A\u00f1adir 1 bolsita de t\u00e9 Agregar 150 mL de agua hirviendo Reposar 2-3 minutos \u00a1Disfrutar! Ingredientes Flor de sauco (Sambucus mexicana presl) Hojas de or\u00e9gano (Oregano gratissumum) Hojas de\u00a0tomillo (Thymus vulgaris) Hojas de eucalipto (Eucalyptus globulus) Indicaciones: Usarse como auxiliar en caso de resfr\u00edos y bronquitis. Contraindicaciones y advertencias: &#8211; No tomar durante el [&hellip;]<\/p>\n","protected":false},"featured_media":2345,"comment_status":"open","ping_status":"closed","template":"","meta":[],"product_brand":[],"product_cat":[36,17],"product_tag":[],"class_list":{"0":"post-2344","1":"product","2":"type-product","3":"status-publish","4":"has-post-thumbnail","6":"product_cat-only-cr","7":"product_cat-virtudes","9":"first","10":"instock","11":"taxable","12":"shipping-taxable","13":"purchasable","14":"product-type-simple"},"jetpack_sharing_enabled":true,"_links":{"self":[{"href":"https:\/\/mondaisa.com\/en\/wp-json\/wp\/v2\/product\/2344","targetHints":{"allow":["GET"]}}],"collection":[{"href":"https:\/\/mondaisa.com\/en\/wp-json\/wp\/v2\/product"}],"about":[{"href":"https:\/\/mondaisa.com\/en\/wp-json\/wp\/v2\/types\/product"}],"replies":[{"embeddable":true,"href":"https:\/\/mondaisa.com\/en\/wp-json\/wp\/v2\/comments?post=2344"}],"wp:featuredmedia":[{"embeddable":true,"href":"https:\/\/mondaisa.com\/en\/wp-json\/wp\/v2\/media\/2345"}],"wp:attachment":[{"href":"https:\/\/mondaisa.com\/en\/wp-json\/wp\/v2\/media?parent=2344"}],"wp:term":[{"taxonomy":"product_brand","embeddable":true,"href":"https:\/\/mondaisa.com\/en\/wp-json\/wp\/v2\/product_brand?post=2344"},{"taxonomy":"product_cat","embeddable":true,"href":"https:\/\/mondaisa.com\/en\/wp-json\/wp\/v2\/product_cat?post=2344"},{"taxonomy":"product_tag","embeddable":true,"href":"https:\/\/mondaisa.com\/en\/wp-json\/wp\/v2\/product_tag?post=2344"}],"curies":[{"name":"wp","href":"https:\/\/api.w.org\/{rel}","templated":true}]}}