{"id":2317,"date":"2024-05-06T05:55:37","date_gmt":"2024-05-06T05:55:37","guid":{"rendered":"https:\/\/mondaisa.com\/?post_type=product&#038;p=2317"},"modified":"2026-04-07T20:00:11","modified_gmt":"2026-04-07T20:00:11","slug":"rinosan","status":"publish","type":"product","link":"https:\/\/mondaisa.com\/en\/product\/rinosan\/","title":{"rendered":"Tea Ri\u00f1osan\u00ae - 20 Bags"},"content":{"rendered":"<h3 class=\"preparacion-title\">Preparation<\/h3>\n<div class=\"pasos-container\">\n<div class=\"paso-preparaci\u00f3n\">\n<p><img decoding=\"async\" class=\"preparation-image\" src=\"\/wp-content\/uploads\/2024\/05\/Productos-Preparacion_Taza-1.png\" \/>Add 1 - 2 tea bags<\/p>\n<\/div>\n<div class=\"paso-preparaci\u00f3n\">\n<p><img decoding=\"async\" class=\"preparation-image\" src=\"\/wp-content\/uploads\/2024\/05\/Productos-Preparacion_Taza-2.png\" \/>Add 150 mL of boiling water<\/p>\n<\/div>\n<div class=\"paso-preparaci\u00f3n\">\n<p class=\"translation-block\">Rest 2- 3 <br> minutes<\/p>\n<\/div>\n<div class=\"paso-preparaci\u00f3n\">\n<p><img decoding=\"async\" class=\"preparation-image\" src=\"\/wp-content\/uploads\/2024\/05\/Productos-Preparacion_Taza-4.png\" \/>\u00a1Enjoy!<\/p>\n<\/div>\n<\/div>\n<div class=\"container-ingredientes\">\n<div class=\"ingredientes\">\n<h3 class=\"preparacion-title\">Ingredients<\/h3>\n<ul>\n<li>Corn silk (Zea mays)<\/li>\n<li>Horse tail (Equisetum arvense)<\/li>\n<li>Myrtle (Myrtus communis)<\/li>\n<li>Malva (Malva sylvestris)<\/li>\n<\/ul>\n<\/div>\n<div class=\"ingredientes-dos\">\n<p><strong>Indications:<\/strong><\/p>\n<p style=\"margin-bottom: 20px;\">Mild diuretic to help in the treatment of urinary conditions<\/p>\n<p><strong>Contraindications and warnings:<\/strong><\/p>\n<p>\u2013 Do not take during pregnancy and lactation.<\/p>\n<p>\u2013 If symptoms persist, consult a doctor.<\/p>\n<p>\u2013 The Ministry of Health does not endorse uses other than those approved on this label.<\/p>\n<p>\u2013 Do not use chronically.<\/p>\n<p>\u2013 Do not use if there are symptoms of apedicitis.<\/p>\n<p>\u2013 Do not use if there is abdominal pain.<\/p>\n<p style=\"margin-bottom: 20px;\">- Keep out of reach of children.<\/p>\n<p><strong>Daily consumption:<\/strong><\/p>\n<p>Take 1 sachet per cup 1 to 3 times a day<\/p>\n<\/div>\n<\/div>","protected":false},"excerpt":{"rendered":"<p>Preparaci\u00f3n A\u00f1adir 1 &#8211; 2 bolsita de t\u00e9 Agregar 150 mL de agua hirviendo Reposar 2-3 minutos \u00a1Disfrutar! Ingredientes Pelo de ma\u00edz (Zea mays) Hojas y tallo de cola de caballo (Equisetum arvense) Hojas de mirto (Myrtus communis) Hojas de malva (Malva sylvestris) Indicaciones: Diur\u00e9tico suave para coadyuvar en el tratamiento de afecciones urinarias Contraindicaciones [&hellip;]<\/p>\n","protected":false},"featured_media":2318,"comment_status":"open","ping_status":"closed","template":"","meta":[],"product_brand":[],"product_cat":[17],"product_tag":[],"class_list":{"0":"post-2317","1":"product","2":"type-product","3":"status-publish","4":"has-post-thumbnail","6":"product_cat-virtudes","8":"first","9":"instock","10":"taxable","11":"shipping-taxable","12":"purchasable","13":"product-type-simple"},"jetpack_sharing_enabled":true,"_links":{"self":[{"href":"https:\/\/mondaisa.com\/en\/wp-json\/wp\/v2\/product\/2317","targetHints":{"allow":["GET"]}}],"collection":[{"href":"https:\/\/mondaisa.com\/en\/wp-json\/wp\/v2\/product"}],"about":[{"href":"https:\/\/mondaisa.com\/en\/wp-json\/wp\/v2\/types\/product"}],"replies":[{"embeddable":true,"href":"https:\/\/mondaisa.com\/en\/wp-json\/wp\/v2\/comments?post=2317"}],"wp:featuredmedia":[{"embeddable":true,"href":"https:\/\/mondaisa.com\/en\/wp-json\/wp\/v2\/media\/2318"}],"wp:attachment":[{"href":"https:\/\/mondaisa.com\/en\/wp-json\/wp\/v2\/media?parent=2317"}],"wp:term":[{"taxonomy":"product_brand","embeddable":true,"href":"https:\/\/mondaisa.com\/en\/wp-json\/wp\/v2\/product_brand?post=2317"},{"taxonomy":"product_cat","embeddable":true,"href":"https:\/\/mondaisa.com\/en\/wp-json\/wp\/v2\/product_cat?post=2317"},{"taxonomy":"product_tag","embeddable":true,"href":"https:\/\/mondaisa.com\/en\/wp-json\/wp\/v2\/product_tag?post=2317"}],"curies":[{"name":"wp","href":"https:\/\/api.w.org\/{rel}","templated":true}]}}