{"id":2290,"date":"2024-05-06T05:36:26","date_gmt":"2024-05-06T05:36:26","guid":{"rendered":"https:\/\/mondaisa.com\/?post_type=product&#038;p=2290"},"modified":"2026-04-07T20:09:35","modified_gmt":"2026-04-07T20:09:35","slug":"fems","status":"publish","type":"product","link":"https:\/\/mondaisa.com\/en\/product\/fems\/","title":{"rendered":"Tea  Fems - 20 Bags"},"content":{"rendered":"<h3 class=\"preparacion-title\">Preparation<\/h3>\n<div class=\"pasos-container\">\n<div class=\"paso-preparaci\u00f3n\"><img decoding=\"async\" class=\"preparation-image\" src=\"\/wp-content\/uploads\/2024\/05\/Productos-Preparacion_Taza-1.png\" \/>Add 2 tea bags<\/p>\n<\/div>\n<div class=\"paso-preparaci\u00f3n\"><img decoding=\"async\" class=\"preparation-image\" src=\"\/wp-content\/uploads\/2024\/05\/Productos-Preparacion_Taza-2.png\" \/>Add 150 mL of boiling water<\/p>\n<\/div>\n<div class=\"paso-preparaci\u00f3n translation-block\">Rest 2- 3 <br> minutes<\/div>\n<div class=\"paso-preparaci\u00f3n\"><img decoding=\"async\" class=\"preparation-image\" src=\"\/wp-content\/uploads\/2024\/05\/Productos-Preparacion_Taza-4.png\" \/>\u00a1Enjoy!<\/p>\n<\/div>\n<\/div>\n<div class=\"container-ingredientes\">\n<div class=\"ingredientes\">\n<h3 class=\"preparacion-title\">Ingredients<\/h3>\n<ul>\n<li>Ginger tea (Zingiber officinale)<\/li>\n<li>Romero (Rosmarinus officinalis)<\/li>\n<li>Basil (Ocimum basilicum) (saborizante y aromatizante)<\/li>\n<li>Red berries flavor<\/li>\n<\/ul>\n<\/div>\n<div class=\"ingredientes-dos\">\n<p><strong>Indications:<\/strong><\/p>\n<p style=\"margin-bottom: 20px;\">Adjuvant in the treatment of symptoms related to menstruation thanks to the prophylactic activities of nausea and vomiting, and the antispasmodic and anti-inflammatory activities<\/p>\n<p><strong>Contraindications:<\/strong><\/p>\n<p>\u2013 They should not be used orally in case of bile duct obstruction.<\/p>\n<p>\u2013 Hypersensitivity to active substances.<\/p>\n<p style=\"margin-bottom: 20px;\">\u2013 Do not use during pregnancy or breastfeeding and do not use in children under 12 years of age.<\/p>\n<p><strong>Contraindications and warnings:<\/strong><\/p>\n<p>\u2013 Do not use for more than 7 continuous days.<\/p>\n<p>- Keep out of reach of children.<\/p>\n<p>\u2013 If symptoms persist, consult a doctor.<\/p>\n<p>\u2013 Use with caution in bile duct conditions, gastritis, peptic ulcer or gastroesophageal reflux.<\/p>\n<p>\u2013 The Ministry of Health does not endorse uses other than those approved on this label.<\/p>\n<p><strong>Daily consumption:<\/strong><\/p>\n<p>Take 1-2 tea bags in a cup of water, 2 times a day.<\/p>\n<\/div>\n<\/div>","protected":false},"excerpt":{"rendered":"<p>Preparaci\u00f3n A\u00f1adir 2 bolsitas de t\u00e9 Agregar 150 mL de agua hirviendo Reposar 2-3 minutos \u00a1Disfrutar! Ingredientes Jengibre (Zingiber officinale) Romero (Rosmarinus officinalis) Albahaca (Ocimum basilicum) (saborizante y\u00a0aromatizante) Sabor a frutos rojos Indicaciones: Coadyuvante en el tratamiento de los s\u00edntomas relacionados a la menstruaci\u00f3n gracias a las actividades profil\u00e1cticas de las n\u00e1useas y v\u00f3mitos, y [&hellip;]<\/p>\n","protected":false},"featured_media":2291,"comment_status":"open","ping_status":"closed","template":"","meta":[],"product_brand":[],"product_cat":[17],"product_tag":[],"class_list":{"0":"post-2290","1":"product","2":"type-product","3":"status-publish","4":"has-post-thumbnail","6":"product_cat-virtudes","8":"first","9":"instock","10":"taxable","11":"shipping-taxable","12":"purchasable","13":"product-type-simple"},"jetpack_sharing_enabled":true,"_links":{"self":[{"href":"https:\/\/mondaisa.com\/en\/wp-json\/wp\/v2\/product\/2290","targetHints":{"allow":["GET"]}}],"collection":[{"href":"https:\/\/mondaisa.com\/en\/wp-json\/wp\/v2\/product"}],"about":[{"href":"https:\/\/mondaisa.com\/en\/wp-json\/wp\/v2\/types\/product"}],"replies":[{"embeddable":true,"href":"https:\/\/mondaisa.com\/en\/wp-json\/wp\/v2\/comments?post=2290"}],"wp:featuredmedia":[{"embeddable":true,"href":"https:\/\/mondaisa.com\/en\/wp-json\/wp\/v2\/media\/2291"}],"wp:attachment":[{"href":"https:\/\/mondaisa.com\/en\/wp-json\/wp\/v2\/media?parent=2290"}],"wp:term":[{"taxonomy":"product_brand","embeddable":true,"href":"https:\/\/mondaisa.com\/en\/wp-json\/wp\/v2\/product_brand?post=2290"},{"taxonomy":"product_cat","embeddable":true,"href":"https:\/\/mondaisa.com\/en\/wp-json\/wp\/v2\/product_cat?post=2290"},{"taxonomy":"product_tag","embeddable":true,"href":"https:\/\/mondaisa.com\/en\/wp-json\/wp\/v2\/product_tag?post=2290"}],"curies":[{"name":"wp","href":"https:\/\/api.w.org\/{rel}","templated":true}]}}