{"id":2254,"date":"2024-05-06T05:06:43","date_gmt":"2024-05-06T05:06:43","guid":{"rendered":"https:\/\/mondaisa.com\/?post_type=product&#038;p=2254"},"modified":"2026-04-07T20:13:56","modified_gmt":"2026-04-07T20:13:56","slug":"detox","status":"publish","type":"product","link":"https:\/\/mondaisa.com\/en\/product\/detox\/","title":{"rendered":"Tea Detox \u2013 20 Bags"},"content":{"rendered":"<h3 class=\"preparacion-title\">Preparation<\/h3>\n<div class=\"pasos-container\">\n<div class=\"paso-preparaci\u00f3n\">\n<p><img decoding=\"async\" class=\"preparation-image\" src=\"\/wp-content\/uploads\/2024\/05\/Productos-Preparacion_Taza-1.png\" \/>A\u00f1adir 1- bolsita de t\u00e9<\/p>\n<\/div>\n<div class=\"paso-preparaci\u00f3n\">\n<p><img decoding=\"async\" class=\"preparation-image\" src=\"\/wp-content\/uploads\/2024\/05\/Productos-Preparacion_Taza-2.png\" \/>Add 150 mL of boiling water<\/p>\n<\/div>\n<div class=\"paso-preparaci\u00f3n\">\n<p class=\"translation-block\">Rest 2- 3 <br> minutes<\/p>\n<\/div>\n<div class=\"paso-preparaci\u00f3n\">\n<p><img decoding=\"async\" class=\"preparation-image\" src=\"\/wp-content\/uploads\/2024\/05\/Productos-Preparacion_Taza-4.png\" \/>\u00a1Enjoy!<\/p>\n<\/div>\n<\/div>\n<div class=\"container-ingredientes\">\n<div class=\"ingredientes\">\n<h3 class=\"preparacion-title\">Ingredients<\/h3>\n<ul>\n<li>Green tea (camellia sinensis)<\/li>\n<li>Lemon grass (cymbopogon flexuosos)<\/li>\n<li>Orthosiphon (orthosiphon aristatus)<\/li>\n<li>Dandelion (taraxacum officinale)<\/li>\n<li>Lemon rind (citrus medica)<\/li>\n<\/ul>\n<\/div>\n<div class=\"ingredientes-dos\">\n<p><strong>Indications:<\/strong><\/p>\n<p style=\"margin-bottom: 20px;\">Coadyuvante en el bienestar general<\/p>\n<p><strong>Contraindications and warnings:<\/strong><\/p>\n<p>- Keep out of reach of children.<\/p>\n<p>&#8211; No recomendado en embarazo, lactancia ni en menores de 18 a\u00f1os.<\/p>\n<p>&#8211; Evitar su consumo en personas con \u00falceras g\u00e1stricas y duodenales, des\u00f3rdenes cardiovasculares y renales, en trastornos biliares y\u00a0 enfermedades hep\u00e1ticas. En hipersensibilidad a alguno de sus\u00a0 componentes.<\/p>\n<p>\u2013 If symptoms persist, consult a doctor.<\/p>\n<p>&#8211; En altas cantidades puede aumentar la secreci\u00f3n g\u00e1strica; en la noche puede generar insomnio. Contiene diente de le\u00f3n, por lo que puede potenciar el efecto de otros diur\u00e9ticos.<\/p>\n<p><strong>Daily consumption:<\/strong><\/p>\n<\/div>\n<\/div>\n<div class=\"container-ingredientes\">\n<div class=\"ingredientes-dos\">\n<p>Take 1-2 tea bags in a cup of water, 2 times a day.<\/p>\n<p><strong>Adverse effects:<\/strong><\/p>\n<p>&#8211; En personas sensibles, el consumo excesivo puede ocasionar molestias g\u00e1stricas leves, aumento en la frecuencia urinaria o insomnio.<\/p>\n<\/div>\n<\/div>","protected":false},"excerpt":{"rendered":"<p>Preparaci\u00f3n A\u00f1adir 1- bolsita de t\u00e9 Agregar 150 mL de agua hirviendo Reposar 2-3 minutos \u00a1Disfrutar! Ingredientes T\u00e9 verde (camellia sinensis) Zacate de lim\u00f3n (cymbopogon flexuosos) Ortosif\u00f3n (orthosiphon aristatus) Diente de le\u00f3n (taraxacum officinale Lim\u00f3n corteza (citrus medica) Indicaciones: Coadyuvante en el bienestar general Contraindicaciones y advertencias: &#8211; Mant\u00e9ngase fuera del alcance de los ni\u00f1os. [&hellip;]<\/p>\n","protected":false},"featured_media":3707,"comment_status":"open","ping_status":"closed","template":"","meta":[],"product_brand":[],"product_cat":[17],"product_tag":[],"class_list":{"0":"post-2254","1":"product","2":"type-product","3":"status-publish","4":"has-post-thumbnail","6":"product_cat-virtudes","8":"first","9":"instock","10":"taxable","11":"shipping-taxable","12":"purchasable","13":"product-type-simple"},"jetpack_sharing_enabled":true,"_links":{"self":[{"href":"https:\/\/mondaisa.com\/en\/wp-json\/wp\/v2\/product\/2254","targetHints":{"allow":["GET"]}}],"collection":[{"href":"https:\/\/mondaisa.com\/en\/wp-json\/wp\/v2\/product"}],"about":[{"href":"https:\/\/mondaisa.com\/en\/wp-json\/wp\/v2\/types\/product"}],"replies":[{"embeddable":true,"href":"https:\/\/mondaisa.com\/en\/wp-json\/wp\/v2\/comments?post=2254"}],"wp:featuredmedia":[{"embeddable":true,"href":"https:\/\/mondaisa.com\/en\/wp-json\/wp\/v2\/media\/3707"}],"wp:attachment":[{"href":"https:\/\/mondaisa.com\/en\/wp-json\/wp\/v2\/media?parent=2254"}],"wp:term":[{"taxonomy":"product_brand","embeddable":true,"href":"https:\/\/mondaisa.com\/en\/wp-json\/wp\/v2\/product_brand?post=2254"},{"taxonomy":"product_cat","embeddable":true,"href":"https:\/\/mondaisa.com\/en\/wp-json\/wp\/v2\/product_cat?post=2254"},{"taxonomy":"product_tag","embeddable":true,"href":"https:\/\/mondaisa.com\/en\/wp-json\/wp\/v2\/product_tag?post=2254"}],"curies":[{"name":"wp","href":"https:\/\/api.w.org\/{rel}","templated":true}]}}